{"id":472,"date":"2024-12-10T11:26:26","date_gmt":"2024-12-10T11:26:26","guid":{"rendered":"https:\/\/braidingknowledgescanada.ca\/?page_id=472"},"modified":"2026-01-21T21:17:55","modified_gmt":"2026-01-21T21:17:55","slug":"resources","status":"publish","type":"page","link":"https:\/\/braidingknowledgescanada.ca\/fr\/resources\/","title":{"rendered":"Ressources"},"content":{"rendered":"<div data-elementor-type=\"wp-page\" data-elementor-id=\"472\" class=\"elementor elementor-472\" data-elementor-post-type=\"page\">\n\t\t\t\t<div class=\"elementor-element elementor-element-c5ff00e e-flex e-con-boxed e-con e-parent\" data-id=\"c5ff00e\" data-element_type=\"container\" data-e-type=\"container\" data-settings=\"{&quot;background_background&quot;:&quot;classic&quot;}\">\n\t\t\t\t\t<div class=\"e-con-inner\">\n\t\t<div class=\"elementor-element elementor-element-9cd7f82 e-con-full e-flex e-con e-child\" data-id=\"9cd7f82\" data-element_type=\"container\" data-e-type=\"container\">\n\t\t\t\t<\/div>\n\t\t\t\t\t<\/div>\n\t\t\t\t<\/div>\n\t\t<div class=\"elementor-element elementor-element-093ff7d e-flex e-con-boxed e-con e-parent\" data-id=\"093ff7d\" data-element_type=\"container\" data-e-type=\"container\" data-settings=\"{&quot;background_background&quot;:&quot;classic&quot;}\">\n\t\t\t\t\t<div class=\"e-con-inner\">\n\t\t<div class=\"elementor-element elementor-element-ad14868 e-con-full e-flex e-con e-child\" data-id=\"ad14868\" data-element_type=\"container\" data-e-type=\"container\">\n\t\t\t\t<div class=\"elementor-element elementor-element-9d660b7 about-links elementor-widget elementor-widget-text-editor\" data-id=\"9d660b7\" data-element_type=\"widget\" data-e-type=\"widget\" data-widget_type=\"text-editor.default\">\n\t\t\t\t<div class=\"elementor-widget-container\">\n\t\t\t\t\t\t\t\t\t<p>BKC poursuivra le travail du R\u00e9seau canadien des montagnes d\u00e9di\u00e9 \u00e0 la promotion du maillage des savoirs autochtones et occidentaux. Nous avons rassembl\u00e9 une s\u00e9lection choisie de ressources ax\u00e9es sur le maillage des savoirs et les bonnes pratiques de collaboration avec les peuples autochtones dans le cadre de la recherche environnementale.<\/p>\t\t\t\t\t\t\t\t<\/div>\n\t\t\t\t<\/div>\n\t\t\t\t<div class=\"elementor-element elementor-element-b74579a about-links elementor-widget elementor-widget-text-editor\" data-id=\"b74579a\" data-element_type=\"widget\" data-e-type=\"widget\" data-widget_type=\"text-editor.default\">\n\t\t\t\t<div class=\"elementor-widget-container\">\n\t\t\t\t\t\t\t\t\tCette liste n\u2019a pas pour but d\u2019\u00eatre exhaustive, mais constitue plut\u00f4t un point de d\u00e9part pour vous accompagner dans votre parcours dans ce domaine. Nous vous encourageons \u00e0 rechercher des ressources pertinentes localement, en fonction des communaut\u00e9s autochtones avec lesquelles vous souhaitez collaborer. Chaque communaut\u00e9 a sa propre culture et ses protocoles; ces ressources ne remplacent en aucun cas l\u2019importance de travailler directement avec les communaut\u00e9s selon leurs propres termes.\n\t\t\t\t\t\t\t\t<\/div>\n\t\t\t\t<\/div>\n\t\t\t\t<\/div>\n\t\t\t\t\t<\/div>\n\t\t\t\t<\/div>\n\t\t<div class=\"elementor-element elementor-element-7d67c49 e-flex e-con-boxed e-con e-parent\" data-id=\"7d67c49\" data-element_type=\"container\" data-e-type=\"container\" data-settings=\"{&quot;background_background&quot;:&quot;classic&quot;}\">\n\t\t\t\t\t<div class=\"e-con-inner\">\n\t\t<div class=\"elementor-element elementor-element-51a64c5 e-con-full e-flex e-con e-child\" data-id=\"51a64c5\" data-element_type=\"container\" data-e-type=\"container\">\n\t\t\t\t<div class=\"elementor-element elementor-element-aeb4c2f elementor-widget elementor-widget-heading\" data-id=\"aeb4c2f\" data-element_type=\"widget\" data-e-type=\"widget\" data-widget_type=\"heading.default\">\n\t\t\t\t<div class=\"elementor-widget-container\">\n\t\t\t\t\t<h2 class=\"elementor-heading-title elementor-size-default\">Cliquez sur les cases ci-dessous pour acc\u00e9der aux ressources par th\u00e8me :<\/h2>\t\t\t\t<\/div>\n\t\t\t\t<\/div>\n\t\t\t\t<\/div>\n\t\t<div class=\"elementor-element elementor-element-0929a00 e-con-full e-flex e-con e-child\" data-id=\"0929a00\" data-element_type=\"container\" data-e-type=\"container\">\n\t\t<div class=\"elementor-element elementor-element-5370405 e-con-full e-flex e-con e-child\" data-id=\"5370405\" data-element_type=\"container\" data-e-type=\"container\">\n\t\t\t\t<div class=\"elementor-element elementor-element-675ccb8 elementor-cta--skin-cover resource-box elementor-widget elementor-widget-call-to-action\" data-id=\"675ccb8\" data-element_type=\"widget\" data-e-type=\"widget\" data-widget_type=\"call-to-action.default\">\n\t\t\t\t<div class=\"elementor-widget-container\">\n\t\t\t\t\t\t\t<div class=\"elementor-cta\">\n\t\t\t\t\t<div class=\"elementor-cta__bg-wrapper\">\n\t\t\t\t<div class=\"elementor-cta__bg elementor-bg\" style=\"background-image: url();\" role=\"img\" aria-label=\"\"><\/div>\n\t\t\t\t<div class=\"elementor-cta__bg-overlay\"><\/div>\n\t\t\t<\/div>\n\t\t\t\t\t\t\t<div class=\"elementor-cta__content\">\n\t\t\t\t\t\t\t\t\t<div class=\"elementor-content-item elementor-cta__content-item elementor-cta__image\">\n\t\t\t\t\t\t<img decoding=\"async\" width=\"150\" height=\"149\" src=\"https:\/\/braidingknowledgescanada.ca\/wp-content\/uploads\/2024\/12\/Bringing-Knowledge-Systems-Together.svg\" class=\"attachment-thumbnail size-thumbnail wp-image-473\" alt=\"\" \/>\t\t\t\t\t<\/div>\n\t\t\t\t\n\t\t\t\t\t\t\t\t\t<h2 class=\"elementor-cta__title elementor-cta__content-item elementor-content-item\">\n\t\t\t\t\t\tMailler les syst\u00e8mes de connaissances\t\t\t\t\t<\/h2>\n\t\t\t\t\n\t\t\t\t\t\t\t\t\t<div class=\"elementor-cta__description elementor-cta__content-item elementor-content-item\">\n\t\t\t\t\t\tPrincipes et conseils pratiques pour soutenir le maillage des savoirs autochtones et occidentaux\t\t\t\t\t<\/div>\n\t\t\t\t\n\t\t\t\t\t\t\t\t\t<div class=\"elementor-cta__button-wrapper elementor-cta__content-item elementor-content-item\">\n\t\t\t\t\t<a class=\"elementor-cta__button elementor-button elementor-size-\" href=\"https:\/\/braidingknowledgescanada.ca\/fr\/bringing-knowledge-systems-together\/\">\n\t\t\t\t\t\tEn savoir plus\t\t\t\t\t<\/a>\n\t\t\t\t\t<\/div>\n\t\t\t\t\t\t\t<\/div>\n\t\t\t\t\t\t<\/div>\n\t\t\t\t\t\t<\/div>\n\t\t\t\t<\/div>\n\t\t\t\t<\/div>\n\t\t<div class=\"elementor-element elementor-element-ef1420f e-con-full e-flex e-con e-child\" data-id=\"ef1420f\" data-element_type=\"container\" data-e-type=\"container\">\n\t\t\t\t<div class=\"elementor-element elementor-element-0b98d3d elementor-cta--skin-cover resource-box elementor-widget elementor-widget-call-to-action\" data-id=\"0b98d3d\" data-element_type=\"widget\" data-e-type=\"widget\" data-widget_type=\"call-to-action.default\">\n\t\t\t\t<div class=\"elementor-widget-container\">\n\t\t\t\t\t\t\t<div class=\"elementor-cta\">\n\t\t\t\t\t<div class=\"elementor-cta__bg-wrapper\">\n\t\t\t\t<div class=\"elementor-cta__bg elementor-bg\" style=\"background-image: url();\" role=\"img\" aria-label=\"\"><\/div>\n\t\t\t\t<div class=\"elementor-cta__bg-overlay\"><\/div>\n\t\t\t<\/div>\n\t\t\t\t\t\t\t<div class=\"elementor-cta__content\">\n\t\t\t\t\t\t\t\t\t<div class=\"elementor-content-item elementor-cta__content-item elementor-cta__image\">\n\t\t\t\t\t\t<img decoding=\"async\" width=\"150\" height=\"139\" src=\"https:\/\/braidingknowledgescanada.ca\/wp-content\/uploads\/2024\/12\/Governance-Policies\u2028-Ethics.svg\" class=\"attachment-thumbnail size-thumbnail wp-image-474\" alt=\"\" \/>\t\t\t\t\t<\/div>\n\t\t\t\t\n\t\t\t\t\t\t\t\t\t<h2 class=\"elementor-cta__title elementor-cta__content-item elementor-content-item\">\n\t\t\t\t\t\tGovernance, Policies\u2028 &amp; Ethics\t\t\t\t\t<\/h2>\n\t\t\t\t\n\t\t\t\t\t\t\t\t\t<div class=\"elementor-cta__description elementor-cta__content-item elementor-content-item\">\n\t\t\t\t\t\tPolitiques pertinentes et lignes directrices f\u00e9d\u00e9rales qui soutiennent ou ont un impact historique sur les communaut\u00e9s autochtones et la recherche autochtone\t\t\t\t\t<\/div>\n\t\t\t\t\n\t\t\t\t\t\t\t\t\t<div class=\"elementor-cta__button-wrapper elementor-cta__content-item elementor-content-item\">\n\t\t\t\t\t<a class=\"elementor-cta__button elementor-button elementor-size-\" href=\"https:\/\/braidingknowledgescanada.ca\/fr\/governance-policies-and-ethics\/\">\n\t\t\t\t\t\tEn savoir plus\t\t\t\t\t<\/a>\n\t\t\t\t\t<\/div>\n\t\t\t\t\t\t\t<\/div>\n\t\t\t\t\t\t<\/div>\n\t\t\t\t\t\t<\/div>\n\t\t\t\t<\/div>\n\t\t\t\t<\/div>\n\t\t<div class=\"elementor-element elementor-element-5253d32 e-con-full e-flex e-con e-child\" data-id=\"5253d32\" data-element_type=\"container\" data-e-type=\"container\">\n\t\t\t\t<div class=\"elementor-element elementor-element-39acda2 elementor-cta--skin-cover resource-box elementor-widget elementor-widget-call-to-action\" data-id=\"39acda2\" data-element_type=\"widget\" data-e-type=\"widget\" data-widget_type=\"call-to-action.default\">\n\t\t\t\t<div class=\"elementor-widget-container\">\n\t\t\t\t\t\t\t<div class=\"elementor-cta\">\n\t\t\t\t\t<div class=\"elementor-cta__bg-wrapper\">\n\t\t\t\t<div class=\"elementor-cta__bg elementor-bg\" style=\"background-image: url();\" role=\"img\" aria-label=\"\"><\/div>\n\t\t\t\t<div class=\"elementor-cta__bg-overlay\"><\/div>\n\t\t\t<\/div>\n\t\t\t\t\t\t\t<div class=\"elementor-cta__content\">\n\t\t\t\t\t\t\t\t\t<div class=\"elementor-content-item elementor-cta__content-item elementor-cta__image\">\n\t\t\t\t\t\t<img decoding=\"async\" width=\"150\" height=\"139\" src=\"https:\/\/braidingknowledgescanada.ca\/wp-content\/uploads\/2024\/12\/Indigenous-Knowledge-in-Research.svg\" class=\"attachment-thumbnail size-thumbnail wp-image-475\" alt=\"\" \/>\t\t\t\t\t<\/div>\n\t\t\t\t\n\t\t\t\t\t\t\t\t\t<h2 class=\"elementor-cta__title elementor-cta__content-item elementor-content-item\">\n\t\t\t\t\t\tSavoirs autochtones en recherche\t\t\t\t\t<\/h2>\n\t\t\t\t\n\t\t\t\t\t\t\t\t\t<div class=\"elementor-cta__description elementor-cta__content-item elementor-content-item\">\n\t\t\t\t\t\tLes avantages et les succ\u00e8s des savoirs autochtones dans le domaine de la science\t\t\t\t\t<\/div>\n\t\t\t\t\n\t\t\t\t\t\t\t\t\t<div class=\"elementor-cta__button-wrapper elementor-cta__content-item elementor-content-item\">\n\t\t\t\t\t<a class=\"elementor-cta__button elementor-button elementor-size-\" href=\"https:\/\/braidingknowledgescanada.ca\/fr\/indigenous-knowledge-in-research\/\">\n\t\t\t\t\t\tEn savoir plus\t\t\t\t\t<\/a>\n\t\t\t\t\t<\/div>\n\t\t\t\t\t\t\t<\/div>\n\t\t\t\t\t\t<\/div>\n\t\t\t\t\t\t<\/div>\n\t\t\t\t<\/div>\n\t\t\t\t<\/div>\n\t\t\t\t<\/div>\n\t\t\t\t\t<\/div>\n\t\t\t\t<\/div>\n\t\t\t\t<\/div>","protected":false},"excerpt":{"rendered":"<p>BKC will continue the Canadian Mountain Network&#8217;s work dedicated to the promotion of the braiding of Indigenous and Western ways of knowing. We\u2019ve provided a curated selection of resources focused on the braiding of knowledges and working well with Indigenous peoples within environmental research practice. This is not designed to be an exhaustive list of [&hellip;]<\/p>\n","protected":false},"author":3,"featured_media":0,"parent":0,"menu_order":0,"comment_status":"closed","ping_status":"closed","template":"elementor_header_footer","meta":{"content-type":"","inline_featured_image":false,"footnotes":""},"class_list":["post-472","page","type-page","status-publish","hentry"],"yoast_head":"<!-- This site is optimized with the Yoast SEO plugin v27.4 - https:\/\/yoast.com\/product\/yoast-seo-wordpress\/ -->\n<title>Resources - Braiding Knowledges Canada<\/title>\n<meta name=\"robots\" content=\"index, follow, max-snippet:-1, max-image-preview:large, max-video-preview:-1\" \/>\n<link rel=\"canonical\" href=\"https:\/\/braidingknowledgescanada.ca\/fr\/resources\/\" \/>\n<meta property=\"og:locale\" content=\"fr_FR\" \/>\n<meta property=\"og:type\" content=\"article\" \/>\n<meta property=\"og:title\" content=\"Resources - Braiding Knowledges Canada\" \/>\n<meta property=\"og:description\" content=\"BKC will continue the Canadian Mountain Network&#8217;s work dedicated to the promotion of the braiding of Indigenous and Western ways of knowing. We\u2019ve provided a curated selection of resources focused on the braiding of knowledges and working well with Indigenous peoples within environmental research practice. This is not designed to be an exhaustive list of [&hellip;]\" \/>\n<meta property=\"og:url\" content=\"https:\/\/braidingknowledgescanada.ca\/fr\/resources\/\" \/>\n<meta property=\"og:site_name\" content=\"Braiding Knowledges Canada\" \/>\n<meta property=\"article:publisher\" content=\"https:\/\/www.facebook.com\/braidingknowledges\/\" \/>\n<meta property=\"article:modified_time\" content=\"2026-01-21T21:17:55+00:00\" \/>\n<meta property=\"og:image\" content=\"https:\/\/braidingknowledgescanada.ca\/wp-content\/uploads\/2024\/12\/Bringing-Knowledge-Systems-Together.svg\" \/>\n<meta name=\"twitter:card\" content=\"summary_large_image\" \/>\n<meta name=\"twitter:site\" content=\"@braidingknowldg\" \/>\n<meta name=\"twitter:label1\" content=\"Est. reading time\" \/>\n\t<meta name=\"twitter:data1\" content=\"2 minutes\" \/>\n<script type=\"application\/ld+json\" class=\"yoast-schema-graph\">{\"@context\":\"https:\\\/\\\/schema.org\",\"@graph\":[{\"@type\":\"WebPage\",\"@id\":\"https:\\\/\\\/braidingknowledgescanada.ca\\\/resources\\\/\",\"url\":\"https:\\\/\\\/braidingknowledgescanada.ca\\\/resources\\\/\",\"name\":\"Resources - Braiding Knowledges Canada\",\"isPartOf\":{\"@id\":\"https:\\\/\\\/braidingknowledgescanada.ca\\\/#website\"},\"primaryImageOfPage\":{\"@id\":\"https:\\\/\\\/braidingknowledgescanada.ca\\\/resources\\\/#primaryimage\"},\"image\":{\"@id\":\"https:\\\/\\\/braidingknowledgescanada.ca\\\/resources\\\/#primaryimage\"},\"thumbnailUrl\":\"https:\\\/\\\/braidingknowledgescanada.ca\\\/wp-content\\\/uploads\\\/2024\\\/12\\\/Bringing-Knowledge-Systems-Together.svg\",\"datePublished\":\"2024-12-10T11:26:26+00:00\",\"dateModified\":\"2026-01-21T21:17:55+00:00\",\"breadcrumb\":{\"@id\":\"https:\\\/\\\/braidingknowledgescanada.ca\\\/resources\\\/#breadcrumb\"},\"inLanguage\":\"fr-FR\",\"potentialAction\":[{\"@type\":\"ReadAction\",\"target\":[\"https:\\\/\\\/braidingknowledgescanada.ca\\\/resources\\\/\"]}]},{\"@type\":\"ImageObject\",\"inLanguage\":\"fr-FR\",\"@id\":\"https:\\\/\\\/braidingknowledgescanada.ca\\\/resources\\\/#primaryimage\",\"url\":\"https:\\\/\\\/braidingknowledgescanada.ca\\\/wp-content\\\/uploads\\\/2024\\\/12\\\/Bringing-Knowledge-Systems-Together.svg\",\"contentUrl\":\"https:\\\/\\\/braidingknowledgescanada.ca\\\/wp-content\\\/uploads\\\/2024\\\/12\\\/Bringing-Knowledge-Systems-Together.svg\"},{\"@type\":\"BreadcrumbList\",\"@id\":\"https:\\\/\\\/braidingknowledgescanada.ca\\\/resources\\\/#breadcrumb\",\"itemListElement\":[{\"@type\":\"ListItem\",\"position\":1,\"name\":\"Home\",\"item\":\"https:\\\/\\\/braidingknowledgescanada.ca\\\/\"},{\"@type\":\"ListItem\",\"position\":2,\"name\":\"Resources\"}]},{\"@type\":\"WebSite\",\"@id\":\"https:\\\/\\\/braidingknowledgescanada.ca\\\/#website\",\"url\":\"https:\\\/\\\/braidingknowledgescanada.ca\\\/\",\"name\":\"Braiding Knowledges Canada\",\"description\":\"Formerly the Canadian Mountain Network\",\"publisher\":{\"@id\":\"https:\\\/\\\/braidingknowledgescanada.ca\\\/#organization\"},\"potentialAction\":[{\"@type\":\"SearchAction\",\"target\":{\"@type\":\"EntryPoint\",\"urlTemplate\":\"https:\\\/\\\/braidingknowledgescanada.ca\\\/?s={search_term_string}\"},\"query-input\":{\"@type\":\"PropertyValueSpecification\",\"valueRequired\":true,\"valueName\":\"search_term_string\"}}],\"inLanguage\":\"fr-FR\"},{\"@type\":\"Organization\",\"@id\":\"https:\\\/\\\/braidingknowledgescanada.ca\\\/#organization\",\"name\":\"Braiding Knowledges Canada\",\"url\":\"https:\\\/\\\/braidingknowledgescanada.ca\\\/\",\"logo\":{\"@type\":\"ImageObject\",\"inLanguage\":\"fr-FR\",\"@id\":\"https:\\\/\\\/braidingknowledgescanada.ca\\\/#\\\/schema\\\/logo\\\/image\\\/\",\"url\":\"https:\\\/\\\/braidingknowledgescanada.ca\\\/wp-content\\\/uploads\\\/2024\\\/06\\\/Main-Logo.png\",\"contentUrl\":\"https:\\\/\\\/braidingknowledgescanada.ca\\\/wp-content\\\/uploads\\\/2024\\\/06\\\/Main-Logo.png\",\"width\":545,\"height\":184,\"caption\":\"Braiding Knowledges Canada\"},\"image\":{\"@id\":\"https:\\\/\\\/braidingknowledgescanada.ca\\\/#\\\/schema\\\/logo\\\/image\\\/\"},\"sameAs\":[\"https:\\\/\\\/www.facebook.com\\\/braidingknowledges\\\/\",\"https:\\\/\\\/x.com\\\/braidingknowldg\",\"https:\\\/\\\/www.instagram.com\\\/BraidingKnowledges\\\/\",\"https:\\\/\\\/www.youtube.com\\\/@BraidingKnowledges\"]}]}<\/script>\n<!-- \/ Yoast SEO plugin. -->","yoast_head_json":{"title":"Resources - Braiding Knowledges Canada","robots":{"index":"index","follow":"follow","max-snippet":"max-snippet:-1","max-image-preview":"max-image-preview:large","max-video-preview":"max-video-preview:-1"},"canonical":"https:\/\/braidingknowledgescanada.ca\/fr\/resources\/","og_locale":"fr_FR","og_type":"article","og_title":"Resources - Braiding Knowledges Canada","og_description":"BKC will continue the Canadian Mountain Network&#8217;s work dedicated to the promotion of the braiding of Indigenous and Western ways of knowing. We\u2019ve provided a curated selection of resources focused on the braiding of knowledges and working well with Indigenous peoples within environmental research practice. This is not designed to be an exhaustive list of [&hellip;]","og_url":"https:\/\/braidingknowledgescanada.ca\/fr\/resources\/","og_site_name":"Braiding Knowledges Canada","article_publisher":"https:\/\/www.facebook.com\/braidingknowledges\/","article_modified_time":"2026-01-21T21:17:55+00:00","og_image":[{"url":"https:\/\/braidingknowledgescanada.ca\/wp-content\/uploads\/2024\/12\/Bringing-Knowledge-Systems-Together.svg","type":"","width":"","height":""}],"twitter_card":"summary_large_image","twitter_site":"@braidingknowldg","twitter_misc":{"Est. reading time":"2 minutes"},"schema":{"@context":"https:\/\/schema.org","@graph":[{"@type":"WebPage","@id":"https:\/\/braidingknowledgescanada.ca\/resources\/","url":"https:\/\/braidingknowledgescanada.ca\/resources\/","name":"Resources - Braiding Knowledges Canada","isPartOf":{"@id":"https:\/\/braidingknowledgescanada.ca\/#website"},"primaryImageOfPage":{"@id":"https:\/\/braidingknowledgescanada.ca\/resources\/#primaryimage"},"image":{"@id":"https:\/\/braidingknowledgescanada.ca\/resources\/#primaryimage"},"thumbnailUrl":"https:\/\/braidingknowledgescanada.ca\/wp-content\/uploads\/2024\/12\/Bringing-Knowledge-Systems-Together.svg","datePublished":"2024-12-10T11:26:26+00:00","dateModified":"2026-01-21T21:17:55+00:00","breadcrumb":{"@id":"https:\/\/braidingknowledgescanada.ca\/resources\/#breadcrumb"},"inLanguage":"fr-FR","potentialAction":[{"@type":"ReadAction","target":["https:\/\/braidingknowledgescanada.ca\/resources\/"]}]},{"@type":"ImageObject","inLanguage":"fr-FR","@id":"https:\/\/braidingknowledgescanada.ca\/resources\/#primaryimage","url":"https:\/\/braidingknowledgescanada.ca\/wp-content\/uploads\/2024\/12\/Bringing-Knowledge-Systems-Together.svg","contentUrl":"https:\/\/braidingknowledgescanada.ca\/wp-content\/uploads\/2024\/12\/Bringing-Knowledge-Systems-Together.svg"},{"@type":"BreadcrumbList","@id":"https:\/\/braidingknowledgescanada.ca\/resources\/#breadcrumb","itemListElement":[{"@type":"ListItem","position":1,"name":"Home","item":"https:\/\/braidingknowledgescanada.ca\/"},{"@type":"ListItem","position":2,"name":"Resources"}]},{"@type":"WebSite","@id":"https:\/\/braidingknowledgescanada.ca\/#website","url":"https:\/\/braidingknowledgescanada.ca\/","name":"Renouer les savoirs Canada","description":"Anciennement le R\u00e9seau canadien des montagnes","publisher":{"@id":"https:\/\/braidingknowledgescanada.ca\/#organization"},"potentialAction":[{"@type":"SearchAction","target":{"@type":"EntryPoint","urlTemplate":"https:\/\/braidingknowledgescanada.ca\/?s={search_term_string}"},"query-input":{"@type":"PropertyValueSpecification","valueRequired":true,"valueName":"search_term_string"}}],"inLanguage":"fr-FR"},{"@type":"Organization","@id":"https:\/\/braidingknowledgescanada.ca\/#organization","name":"Renouer les savoirs Canada","url":"https:\/\/braidingknowledgescanada.ca\/","logo":{"@type":"ImageObject","inLanguage":"fr-FR","@id":"https:\/\/braidingknowledgescanada.ca\/#\/schema\/logo\/image\/","url":"https:\/\/braidingknowledgescanada.ca\/wp-content\/uploads\/2024\/06\/Main-Logo.png","contentUrl":"https:\/\/braidingknowledgescanada.ca\/wp-content\/uploads\/2024\/06\/Main-Logo.png","width":545,"height":184,"caption":"Braiding Knowledges Canada"},"image":{"@id":"https:\/\/braidingknowledgescanada.ca\/#\/schema\/logo\/image\/"},"sameAs":["https:\/\/www.facebook.com\/braidingknowledges\/","https:\/\/x.com\/braidingknowldg","https:\/\/www.instagram.com\/BraidingKnowledges\/","https:\/\/www.youtube.com\/@BraidingKnowledges"]}]}},"_links":{"self":[{"href":"https:\/\/braidingknowledgescanada.ca\/fr\/wp-json\/wp\/v2\/pages\/472","targetHints":{"allow":["GET"]}}],"collection":[{"href":"https:\/\/braidingknowledgescanada.ca\/fr\/wp-json\/wp\/v2\/pages"}],"about":[{"href":"https:\/\/braidingknowledgescanada.ca\/fr\/wp-json\/wp\/v2\/types\/page"}],"author":[{"embeddable":true,"href":"https:\/\/braidingknowledgescanada.ca\/fr\/wp-json\/wp\/v2\/users\/3"}],"replies":[{"embeddable":true,"href":"https:\/\/braidingknowledgescanada.ca\/fr\/wp-json\/wp\/v2\/comments?post=472"}],"version-history":[{"count":0,"href":"https:\/\/braidingknowledgescanada.ca\/fr\/wp-json\/wp\/v2\/pages\/472\/revisions"}],"wp:attachment":[{"href":"https:\/\/braidingknowledgescanada.ca\/fr\/wp-json\/wp\/v2\/media?parent=472"}],"curies":[{"name":"wp","href":"https:\/\/api.w.org\/{rel}","templated":true}]}}