{"id":447,"date":"2024-12-10T06:28:56","date_gmt":"2024-12-10T06:28:56","guid":{"rendered":"https:\/\/braidingknowledgescanada.ca\/?page_id=447"},"modified":"2026-01-21T21:17:55","modified_gmt":"2026-01-21T21:17:55","slug":"training","status":"publish","type":"page","link":"https:\/\/braidingknowledgescanada.ca\/fr\/training\/","title":{"rendered":"Formation"},"content":{"rendered":"<div data-elementor-type=\"wp-page\" data-elementor-id=\"447\" class=\"elementor elementor-447\" data-elementor-post-type=\"page\">\n\t\t\t\t<div class=\"elementor-element elementor-element-903601d e-flex e-con-boxed e-con e-parent\" data-id=\"903601d\" data-element_type=\"container\" data-e-type=\"container\" data-settings=\"{&quot;background_background&quot;:&quot;classic&quot;}\">\n\t\t\t\t\t<div class=\"e-con-inner\">\n\t\t<div class=\"elementor-element elementor-element-24cb0b5 e-con-full e-flex e-con e-child\" data-id=\"24cb0b5\" data-element_type=\"container\" data-e-type=\"container\">\n\t\t\t\t<\/div>\n\t\t\t\t\t<\/div>\n\t\t\t\t<\/div>\n\t\t<div class=\"elementor-element elementor-element-d033488 e-flex e-con-boxed e-con e-parent\" data-id=\"d033488\" data-element_type=\"container\" data-e-type=\"container\" data-settings=\"{&quot;background_background&quot;:&quot;classic&quot;}\">\n\t\t\t\t\t<div class=\"e-con-inner\">\n\t\t<div class=\"elementor-element elementor-element-825ff85 e-con-full e-flex e-con e-child\" data-id=\"825ff85\" data-element_type=\"container\" data-e-type=\"container\">\n\t\t\t\t<div class=\"elementor-element elementor-element-761c65e about-links elementor-widget elementor-widget-text-editor\" data-id=\"761c65e\" data-element_type=\"widget\" data-e-type=\"widget\" data-widget_type=\"text-editor.default\">\n\t\t\t\t<div class=\"elementor-widget-container\">\n\t\t\t\t\t\t\t\t\tNotre principal objectif est de d\u00e9velopper les talents et de renforcer les capacit\u00e9s pour mieux nouer les savoirs dans un continuum d\u2019apprentissage qui inclut des jeunes, des \u00e9tudiants, des gardiens autochtones, des chercheurs en d\u00e9but de carri\u00e8re et des leaders du savoir vers une diversit\u00e9 de vocations relevant du leadership. \t\t\t\t\t\t\t\t<\/div>\n\t\t\t\t<\/div>\n\t\t\t\t<div class=\"elementor-element elementor-element-bf821f9 about-links elementor-widget elementor-widget-text-editor\" data-id=\"bf821f9\" data-element_type=\"widget\" data-e-type=\"widget\" data-widget_type=\"text-editor.default\">\n\t\t\t\t<div class=\"elementor-widget-container\">\n\t\t\t\t\t\t\t\t\tLe programme de renforcement des talents et des capacit\u00e9s de RSC permet aux jeunes, aux professionnels en d\u00e9but de carri\u00e8re et aux leaders du savoir de suivre des parcours d\u2019apprentissage diversifi\u00e9s et autod\u00e9termin\u00e9s menant \u00e0 l\u2019avancement des communaut\u00e9s, des gouvernements, des industries, des organismes environnementaux non gouvernementaux et des milieux universitaires. Le programme vise \u00e0 am\u00e9liorer les comp\u00e9tences des chercheurs occidentaux pour de meilleures collaborations aux c\u00f4t\u00e9s de chercheurs autochtones et de d\u00e9tenteurs du savoir, et inversement. Cet objectif sera atteint gr\u00e2ce \u00e0 un r\u00e9seau de formation hautement connect\u00e9, lequel viendra soutenir l\u2019enseignement et l\u2019apprentissage entre les g\u00e9n\u00e9rations ainsi que les \u00e9tapes jalonnant une carri\u00e8re, et \u00e9galement entre les pairs qui poursuivent des parcours de formation communs et distincts.\t\t\t\t\t\t\t\t<\/div>\n\t\t\t\t<\/div>\n\t\t\t\t<\/div>\n\t\t<div class=\"elementor-element elementor-element-39dc399 e-con-full e-flex e-con e-child\" data-id=\"39dc399\" data-element_type=\"container\" data-e-type=\"container\">\n\t\t\t\t<div class=\"elementor-element elementor-element-2d1a510 elementor-widget elementor-widget-image\" data-id=\"2d1a510\" data-element_type=\"widget\" data-e-type=\"widget\" data-widget_type=\"image.default\">\n\t\t\t\t<div class=\"elementor-widget-container\">\n\t\t\t\t\t\t\t\t\t\t\t\t\t\t\t<img fetchpriority=\"high\" decoding=\"async\" width=\"800\" height=\"664\" src=\"https:\/\/braidingknowledgescanada.ca\/wp-content\/uploads\/2025\/03\/SSF-Figure-4_FR-02.png\" class=\"attachment-large size-large wp-image-448\" alt=\"\" srcset=\"https:\/\/braidingknowledgescanada.ca\/wp-content\/uploads\/2025\/03\/SSF-Figure-4_FR-02.png 2307w, https:\/\/braidingknowledgescanada.ca\/wp-content\/uploads\/2025\/03\/SSF-Figure-4_FR-02-300x250.png 300w, https:\/\/braidingknowledgescanada.ca\/wp-content\/uploads\/2025\/03\/SSF-Figure-4_FR-02-1024x853.png 1024w, https:\/\/braidingknowledgescanada.ca\/wp-content\/uploads\/2025\/03\/SSF-Figure-4_FR-02-768x640.png 768w, https:\/\/braidingknowledgescanada.ca\/wp-content\/uploads\/2025\/03\/SSF-Figure-4_FR-02-1536x1279.png 1536w, https:\/\/braidingknowledgescanada.ca\/wp-content\/uploads\/2025\/03\/SSF-Figure-4_FR-02-2048x1705.png 2048w, https:\/\/braidingknowledgescanada.ca\/wp-content\/uploads\/2025\/03\/SSF-Figure-4_FR-02-14x12.png 14w\" sizes=\"(max-width: 800px) 100vw, 800px\" \/>\t\t\t\t\t\t\t\t\t\t\t\t\t\t\t<\/div>\n\t\t\t\t<\/div>\n\t\t\t\t<\/div>\n\t\t\t\t\t<\/div>\n\t\t\t\t<\/div>\n\t\t<div class=\"elementor-element elementor-element-9dabcec e-flex e-con-boxed e-con e-parent\" data-id=\"9dabcec\" data-element_type=\"container\" data-e-type=\"container\" data-settings=\"{&quot;background_background&quot;:&quot;classic&quot;}\">\n\t\t\t\t\t<div class=\"e-con-inner\">\n\t\t<div class=\"elementor-element elementor-element-00b8f0e e-con-full e-flex e-con e-child\" data-id=\"00b8f0e\" data-element_type=\"container\" data-e-type=\"container\">\n\t\t<div class=\"elementor-element elementor-element-73acbf5 e-con-full e-flex e-con e-child\" data-id=\"73acbf5\" data-element_type=\"container\" data-e-type=\"container\">\n\t\t<div class=\"elementor-element elementor-element-dbac491 e-con-full e-flex e-con e-child\" data-id=\"dbac491\" data-element_type=\"container\" data-e-type=\"container\">\n\t\t\t\t<div class=\"elementor-element elementor-element-0045a41 elementor-cta--skin-cover elementor-widget elementor-widget-call-to-action\" data-id=\"0045a41\" data-element_type=\"widget\" data-e-type=\"widget\" data-widget_type=\"call-to-action.default\">\n\t\t\t\t<div class=\"elementor-widget-container\">\n\t\t\t\t\t\t\t<a class=\"elementor-cta\" href=\"https:\/\/braidingknowledgescanada.ca\/fr\/training\/youth-development-pathway\/\">\n\t\t\t\t\t<div class=\"elementor-cta__bg-wrapper\">\n\t\t\t\t<div class=\"elementor-cta__bg elementor-bg\" style=\"background-image: url(https:\/\/braidingknowledgescanada.ca\/wp-content\/uploads\/2024\/12\/youth-pathway.png);\" role=\"img\" aria-label=\"youth-pathway\"><\/div>\n\t\t\t\t<div class=\"elementor-cta__bg-overlay\"><\/div>\n\t\t\t<\/div>\n\t\t\t\t\t\t\t<div class=\"elementor-cta__content\">\n\t\t\t\t\n\t\t\t\t\t\t\t\t\t<h2 class=\"elementor-cta__title elementor-cta__content-item elementor-content-item\">\n\t\t\t\t\t\tFormation pour les jeunes\t\t\t\t\t<\/h2>\n\t\t\t\t\n\t\t\t\t\n\t\t\t\t\t\t\t<\/div>\n\t\t\t\t\t\t<\/a>\n\t\t\t\t\t\t<\/div>\n\t\t\t\t<\/div>\n\t\t\t\t<\/div>\n\t\t<div class=\"elementor-element elementor-element-99af67d e-con-full e-flex e-con e-child\" data-id=\"99af67d\" data-element_type=\"container\" data-e-type=\"container\">\n\t\t\t\t<div class=\"elementor-element elementor-element-9cea030 elementor-cta--skin-cover elementor-widget elementor-widget-call-to-action\" data-id=\"9cea030\" data-element_type=\"widget\" data-e-type=\"widget\" data-widget_type=\"call-to-action.default\">\n\t\t\t\t<div class=\"elementor-widget-container\">\n\t\t\t\t\t\t\t<a class=\"elementor-cta\" href=\"https:\/\/braidingknowledgescanada.ca\/fr\/training\/academic-training-pathway\/\">\n\t\t\t\t\t<div class=\"elementor-cta__bg-wrapper\">\n\t\t\t\t<div class=\"elementor-cta__bg elementor-bg\" style=\"background-image: url(https:\/\/braidingknowledgescanada.ca\/wp-content\/uploads\/2024\/12\/university.png);\" role=\"img\" aria-label=\"university\"><\/div>\n\t\t\t\t<div class=\"elementor-cta__bg-overlay\"><\/div>\n\t\t\t<\/div>\n\t\t\t\t\t\t\t<div class=\"elementor-cta__content\">\n\t\t\t\t\n\t\t\t\t\t\t\t\t\t<h2 class=\"elementor-cta__title elementor-cta__content-item elementor-content-item\">\n\t\t\t\t\t\tFormation des \u00e9tudiants coll\u00e9giaux et universitaires\t\t\t\t\t<\/h2>\n\t\t\t\t\n\t\t\t\t\n\t\t\t\t\t\t\t<\/div>\n\t\t\t\t\t\t<\/a>\n\t\t\t\t\t\t<\/div>\n\t\t\t\t<\/div>\n\t\t\t\t<\/div>\n\t\t<div class=\"elementor-element elementor-element-526f5d5 e-con-full e-flex e-con e-child\" data-id=\"526f5d5\" data-element_type=\"container\" data-e-type=\"container\">\n\t\t\t\t<div class=\"elementor-element elementor-element-3bf5426 elementor-cta--skin-cover elementor-widget elementor-widget-call-to-action\" data-id=\"3bf5426\" data-element_type=\"widget\" data-e-type=\"widget\" data-widget_type=\"call-to-action.default\">\n\t\t\t\t<div class=\"elementor-widget-container\">\n\t\t\t\t\t\t\t<a class=\"elementor-cta\" href=\"https:\/\/braidingknowledgescanada.ca\/fr\/training\/guardian-training\/\">\n\t\t\t\t\t<div class=\"elementor-cta__bg-wrapper\">\n\t\t\t\t<div class=\"elementor-cta__bg elementor-bg\" style=\"background-image: url(https:\/\/braidingknowledgescanada.ca\/wp-content\/uploads\/2024\/12\/guardian.png);\" role=\"img\" aria-label=\"guardian\"><\/div>\n\t\t\t\t<div class=\"elementor-cta__bg-overlay\"><\/div>\n\t\t\t<\/div>\n\t\t\t\t\t\t\t<div class=\"elementor-cta__content\">\n\t\t\t\t\n\t\t\t\t\t\t\t\t\t<h2 class=\"elementor-cta__title elementor-cta__content-item elementor-content-item\">\n\t\t\t\t\t\tFormation des gardiens\t\t\t\t\t<\/h2>\n\t\t\t\t\n\t\t\t\t\n\t\t\t\t\t\t\t<\/div>\n\t\t\t\t\t\t<\/a>\n\t\t\t\t\t\t<\/div>\n\t\t\t\t<\/div>\n\t\t\t\t<\/div>\n\t\t\t\t<\/div>\n\t\t<div class=\"elementor-element elementor-element-f368aa4 e-con-full e-flex e-con e-child\" data-id=\"f368aa4\" data-element_type=\"container\" data-e-type=\"container\">\n\t\t<div class=\"elementor-element elementor-element-ce01d41 e-con-full e-flex e-con e-child\" data-id=\"ce01d41\" data-element_type=\"container\" data-e-type=\"container\">\n\t\t\t\t<div class=\"elementor-element elementor-element-15a20a5 elementor-cta--skin-cover elementor-widget elementor-widget-call-to-action\" data-id=\"15a20a5\" data-element_type=\"widget\" data-e-type=\"widget\" data-widget_type=\"call-to-action.default\">\n\t\t\t\t<div class=\"elementor-widget-container\">\n\t\t\t\t\t\t\t<a class=\"elementor-cta\" href=\"https:\/\/braidingknowledgescanada.ca\/fr\/training\/emerging-indigenous-scholars\/\">\n\t\t\t\t\t<div class=\"elementor-cta__bg-wrapper\">\n\t\t\t\t<div class=\"elementor-cta__bg elementor-bg\" style=\"background-image: url(https:\/\/braidingknowledgescanada.ca\/wp-content\/uploads\/2024\/12\/scholars.png);\" role=\"img\" aria-label=\"scholars\"><\/div>\n\t\t\t\t<div class=\"elementor-cta__bg-overlay\"><\/div>\n\t\t\t<\/div>\n\t\t\t\t\t\t\t<div class=\"elementor-cta__content\">\n\t\t\t\t\n\t\t\t\t\t\t\t\t\t<h2 class=\"elementor-cta__title elementor-cta__content-item elementor-content-item\">\n\t\t\t\t\t\tNouveaux chercheurs autochtones\t\t\t\t\t<\/h2>\n\t\t\t\t\n\t\t\t\t\n\t\t\t\t\t\t\t<\/div>\n\t\t\t\t\t\t<\/a>\n\t\t\t\t\t\t<\/div>\n\t\t\t\t<\/div>\n\t\t\t\t<\/div>\n\t\t<div class=\"elementor-element elementor-element-4e74b83 e-con-full e-flex e-con e-child\" data-id=\"4e74b83\" data-element_type=\"container\" data-e-type=\"container\">\n\t\t\t\t<div class=\"elementor-element elementor-element-710c875 elementor-cta--skin-cover elementor-widget elementor-widget-call-to-action\" data-id=\"710c875\" data-element_type=\"widget\" data-e-type=\"widget\" data-widget_type=\"call-to-action.default\">\n\t\t\t\t<div class=\"elementor-widget-container\">\n\t\t\t\t\t\t\t<a class=\"elementor-cta\" href=\"https:\/\/braidingknowledgescanada.ca\/fr\/training\/leaders-initiative\/\">\n\t\t\t\t\t<div class=\"elementor-cta__bg-wrapper\">\n\t\t\t\t<div class=\"elementor-cta__bg elementor-bg\" style=\"background-image: url(https:\/\/braidingknowledgescanada.ca\/wp-content\/uploads\/2024\/12\/leaders.png);\" role=\"img\" aria-label=\"leaders\"><\/div>\n\t\t\t\t<div class=\"elementor-cta__bg-overlay\"><\/div>\n\t\t\t<\/div>\n\t\t\t\t\t\t\t<div class=\"elementor-cta__content\">\n\t\t\t\t\n\t\t\t\t\t\t\t\t\t<h2 class=\"elementor-cta__title elementor-cta__content-item elementor-content-item\">\n\t\t\t\t\t\tInitiative \u00e0 l\u2019intention des leaders\t\t\t\t\t<\/h2>\n\t\t\t\t\n\t\t\t\t\n\t\t\t\t\t\t\t<\/div>\n\t\t\t\t\t\t<\/a>\n\t\t\t\t\t\t<\/div>\n\t\t\t\t<\/div>\n\t\t\t\t<\/div>\n\t\t\t\t<\/div>\n\t\t\t\t<\/div>\n\t\t\t\t\t<\/div>\n\t\t\t\t<\/div>\n\t\t\t\t<\/div>","protected":false},"excerpt":{"rendered":"<p>Our primary objective is to develop talent and build capacity in knowledge braiding across a learning continuum including youth, students, Indigenous Guardians, early career researchers, and knowledge leaders and towards a diversity of leadership vocations. BKC\u2019s Talent and Capacity Building Program connects youth, early career professionals, and knowledge leaders to pursue diverse and self-determined learning [&hellip;]<\/p>\n","protected":false},"author":3,"featured_media":0,"parent":0,"menu_order":0,"comment_status":"closed","ping_status":"closed","template":"elementor_header_footer","meta":{"content-type":"","inline_featured_image":false,"footnotes":""},"class_list":["post-447","page","type-page","status-publish","hentry"],"yoast_head":"<!-- This site is optimized with the Yoast SEO plugin v27.1.1 - https:\/\/yoast.com\/product\/yoast-seo-wordpress\/ -->\n<title>Training - Braiding Knowledges Canada<\/title>\n<meta name=\"robots\" content=\"index, follow, max-snippet:-1, max-image-preview:large, max-video-preview:-1\" \/>\n<link rel=\"canonical\" href=\"https:\/\/braidingknowledgescanada.ca\/fr\/training\/\" \/>\n<meta property=\"og:locale\" content=\"fr_FR\" \/>\n<meta property=\"og:type\" content=\"article\" \/>\n<meta property=\"og:title\" content=\"Training - Braiding Knowledges Canada\" \/>\n<meta property=\"og:description\" content=\"Our primary objective is to develop talent and build capacity in knowledge braiding across a learning continuum including youth, students, Indigenous Guardians, early career researchers, and knowledge leaders and towards a diversity of leadership vocations. BKC\u2019s Talent and Capacity Building Program connects youth, early career professionals, and knowledge leaders to pursue diverse and self-determined learning [&hellip;]\" \/>\n<meta property=\"og:url\" content=\"https:\/\/braidingknowledgescanada.ca\/fr\/training\/\" \/>\n<meta property=\"og:site_name\" content=\"Braiding Knowledges Canada\" \/>\n<meta property=\"article:publisher\" content=\"https:\/\/www.facebook.com\/braidingknowledges\/\" \/>\n<meta property=\"article:modified_time\" content=\"2026-01-21T21:17:55+00:00\" \/>\n<meta property=\"og:image\" content=\"https:\/\/braidingknowledgescanada.ca\/wp-content\/uploads\/2024\/12\/Learning-Continuum-Leadership-Vocations.png\" \/>\n<meta name=\"twitter:card\" content=\"summary_large_image\" \/>\n<meta name=\"twitter:site\" content=\"@braidingknowldg\" \/>\n<meta name=\"twitter:label1\" content=\"Est. reading time\" \/>\n\t<meta name=\"twitter:data1\" content=\"1 minute\" \/>\n<script type=\"application\/ld+json\" class=\"yoast-schema-graph\">{\"@context\":\"https:\/\/schema.org\",\"@graph\":[{\"@type\":\"WebPage\",\"@id\":\"https:\/\/braidingknowledgescanada.ca\/training\/\",\"url\":\"https:\/\/braidingknowledgescanada.ca\/training\/\",\"name\":\"Training - Braiding Knowledges Canada\",\"isPartOf\":{\"@id\":\"https:\/\/braidingknowledgescanada.ca\/#website\"},\"primaryImageOfPage\":{\"@id\":\"https:\/\/braidingknowledgescanada.ca\/training\/#primaryimage\"},\"image\":{\"@id\":\"https:\/\/braidingknowledgescanada.ca\/training\/#primaryimage\"},\"thumbnailUrl\":\"https:\/\/braidingknowledgescanada.ca\/wp-content\/uploads\/2024\/12\/Learning-Continuum-Leadership-Vocations.png\",\"datePublished\":\"2024-12-10T06:28:56+00:00\",\"dateModified\":\"2026-01-21T21:17:55+00:00\",\"breadcrumb\":{\"@id\":\"https:\/\/braidingknowledgescanada.ca\/training\/#breadcrumb\"},\"inLanguage\":\"fr-FR\",\"potentialAction\":[{\"@type\":\"ReadAction\",\"target\":[\"https:\/\/braidingknowledgescanada.ca\/training\/\"]}]},{\"@type\":\"ImageObject\",\"inLanguage\":\"fr-FR\",\"@id\":\"https:\/\/braidingknowledgescanada.ca\/training\/#primaryimage\",\"url\":\"https:\/\/braidingknowledgescanada.ca\/wp-content\/uploads\/2024\/12\/Learning-Continuum-Leadership-Vocations.png\",\"contentUrl\":\"https:\/\/braidingknowledgescanada.ca\/wp-content\/uploads\/2024\/12\/Learning-Continuum-Leadership-Vocations.png\"},{\"@type\":\"BreadcrumbList\",\"@id\":\"https:\/\/braidingknowledgescanada.ca\/training\/#breadcrumb\",\"itemListElement\":[{\"@type\":\"ListItem\",\"position\":1,\"name\":\"Home\",\"item\":\"https:\/\/braidingknowledgescanada.ca\/\"},{\"@type\":\"ListItem\",\"position\":2,\"name\":\"Training\"}]},{\"@type\":\"WebSite\",\"@id\":\"https:\/\/braidingknowledgescanada.ca\/#website\",\"url\":\"https:\/\/braidingknowledgescanada.ca\/\",\"name\":\"Braiding Knowledges Canada\",\"description\":\"Formerly the Canadian Mountain Network\",\"publisher\":{\"@id\":\"https:\/\/braidingknowledgescanada.ca\/#organization\"},\"potentialAction\":[{\"@type\":\"SearchAction\",\"target\":{\"@type\":\"EntryPoint\",\"urlTemplate\":\"https:\/\/braidingknowledgescanada.ca\/?s={search_term_string}\"},\"query-input\":{\"@type\":\"PropertyValueSpecification\",\"valueRequired\":true,\"valueName\":\"search_term_string\"}}],\"inLanguage\":\"fr-FR\"},{\"@type\":\"Organization\",\"@id\":\"https:\/\/braidingknowledgescanada.ca\/#organization\",\"name\":\"Braiding Knowledges Canada\",\"url\":\"https:\/\/braidingknowledgescanada.ca\/\",\"logo\":{\"@type\":\"ImageObject\",\"inLanguage\":\"fr-FR\",\"@id\":\"https:\/\/braidingknowledgescanada.ca\/#\/schema\/logo\/image\/\",\"url\":\"https:\/\/braidingknowledgescanada.ca\/wp-content\/uploads\/2024\/06\/Main-Logo.png\",\"contentUrl\":\"https:\/\/braidingknowledgescanada.ca\/wp-content\/uploads\/2024\/06\/Main-Logo.png\",\"width\":545,\"height\":184,\"caption\":\"Braiding Knowledges Canada\"},\"image\":{\"@id\":\"https:\/\/braidingknowledgescanada.ca\/#\/schema\/logo\/image\/\"},\"sameAs\":[\"https:\/\/www.facebook.com\/braidingknowledges\/\",\"https:\/\/x.com\/braidingknowldg\",\"https:\/\/www.instagram.com\/BraidingKnowledges\/\",\"https:\/\/www.youtube.com\/@BraidingKnowledges\"]}]}<\/script>\n<!-- \/ Yoast SEO plugin. -->","yoast_head_json":{"title":"Training - Braiding Knowledges Canada","robots":{"index":"index","follow":"follow","max-snippet":"max-snippet:-1","max-image-preview":"max-image-preview:large","max-video-preview":"max-video-preview:-1"},"canonical":"https:\/\/braidingknowledgescanada.ca\/fr\/training\/","og_locale":"fr_FR","og_type":"article","og_title":"Training - Braiding Knowledges Canada","og_description":"Our primary objective is to develop talent and build capacity in knowledge braiding across a learning continuum including youth, students, Indigenous Guardians, early career researchers, and knowledge leaders and towards a diversity of leadership vocations. BKC\u2019s Talent and Capacity Building Program connects youth, early career professionals, and knowledge leaders to pursue diverse and self-determined learning [&hellip;]","og_url":"https:\/\/braidingknowledgescanada.ca\/fr\/training\/","og_site_name":"Braiding Knowledges Canada","article_publisher":"https:\/\/www.facebook.com\/braidingknowledges\/","article_modified_time":"2026-01-21T21:17:55+00:00","og_image":[{"url":"https:\/\/braidingknowledgescanada.ca\/wp-content\/uploads\/2024\/12\/Learning-Continuum-Leadership-Vocations.png","type":"","width":"","height":""}],"twitter_card":"summary_large_image","twitter_site":"@braidingknowldg","twitter_misc":{"Est. reading time":"1 minute"},"schema":{"@context":"https:\/\/schema.org","@graph":[{"@type":"WebPage","@id":"https:\/\/braidingknowledgescanada.ca\/training\/","url":"https:\/\/braidingknowledgescanada.ca\/training\/","name":"Training - Braiding Knowledges Canada","isPartOf":{"@id":"https:\/\/braidingknowledgescanada.ca\/#website"},"primaryImageOfPage":{"@id":"https:\/\/braidingknowledgescanada.ca\/training\/#primaryimage"},"image":{"@id":"https:\/\/braidingknowledgescanada.ca\/training\/#primaryimage"},"thumbnailUrl":"https:\/\/braidingknowledgescanada.ca\/wp-content\/uploads\/2024\/12\/Learning-Continuum-Leadership-Vocations.png","datePublished":"2024-12-10T06:28:56+00:00","dateModified":"2026-01-21T21:17:55+00:00","breadcrumb":{"@id":"https:\/\/braidingknowledgescanada.ca\/training\/#breadcrumb"},"inLanguage":"fr-FR","potentialAction":[{"@type":"ReadAction","target":["https:\/\/braidingknowledgescanada.ca\/training\/"]}]},{"@type":"ImageObject","inLanguage":"fr-FR","@id":"https:\/\/braidingknowledgescanada.ca\/training\/#primaryimage","url":"https:\/\/braidingknowledgescanada.ca\/wp-content\/uploads\/2024\/12\/Learning-Continuum-Leadership-Vocations.png","contentUrl":"https:\/\/braidingknowledgescanada.ca\/wp-content\/uploads\/2024\/12\/Learning-Continuum-Leadership-Vocations.png"},{"@type":"BreadcrumbList","@id":"https:\/\/braidingknowledgescanada.ca\/training\/#breadcrumb","itemListElement":[{"@type":"ListItem","position":1,"name":"Home","item":"https:\/\/braidingknowledgescanada.ca\/"},{"@type":"ListItem","position":2,"name":"Training"}]},{"@type":"WebSite","@id":"https:\/\/braidingknowledgescanada.ca\/#website","url":"https:\/\/braidingknowledgescanada.ca\/","name":"Renouer les savoirs Canada","description":"Anciennement le R\u00e9seau canadien des montagnes","publisher":{"@id":"https:\/\/braidingknowledgescanada.ca\/#organization"},"potentialAction":[{"@type":"SearchAction","target":{"@type":"EntryPoint","urlTemplate":"https:\/\/braidingknowledgescanada.ca\/?s={search_term_string}"},"query-input":{"@type":"PropertyValueSpecification","valueRequired":true,"valueName":"search_term_string"}}],"inLanguage":"fr-FR"},{"@type":"Organization","@id":"https:\/\/braidingknowledgescanada.ca\/#organization","name":"Renouer les savoirs Canada","url":"https:\/\/braidingknowledgescanada.ca\/","logo":{"@type":"ImageObject","inLanguage":"fr-FR","@id":"https:\/\/braidingknowledgescanada.ca\/#\/schema\/logo\/image\/","url":"https:\/\/braidingknowledgescanada.ca\/wp-content\/uploads\/2024\/06\/Main-Logo.png","contentUrl":"https:\/\/braidingknowledgescanada.ca\/wp-content\/uploads\/2024\/06\/Main-Logo.png","width":545,"height":184,"caption":"Braiding Knowledges Canada"},"image":{"@id":"https:\/\/braidingknowledgescanada.ca\/#\/schema\/logo\/image\/"},"sameAs":["https:\/\/www.facebook.com\/braidingknowledges\/","https:\/\/x.com\/braidingknowldg","https:\/\/www.instagram.com\/BraidingKnowledges\/","https:\/\/www.youtube.com\/@BraidingKnowledges"]}]}},"_links":{"self":[{"href":"https:\/\/braidingknowledgescanada.ca\/fr\/wp-json\/wp\/v2\/pages\/447","targetHints":{"allow":["GET"]}}],"collection":[{"href":"https:\/\/braidingknowledgescanada.ca\/fr\/wp-json\/wp\/v2\/pages"}],"about":[{"href":"https:\/\/braidingknowledgescanada.ca\/fr\/wp-json\/wp\/v2\/types\/page"}],"author":[{"embeddable":true,"href":"https:\/\/braidingknowledgescanada.ca\/fr\/wp-json\/wp\/v2\/users\/3"}],"replies":[{"embeddable":true,"href":"https:\/\/braidingknowledgescanada.ca\/fr\/wp-json\/wp\/v2\/comments?post=447"}],"version-history":[{"count":0,"href":"https:\/\/braidingknowledgescanada.ca\/fr\/wp-json\/wp\/v2\/pages\/447\/revisions"}],"wp:attachment":[{"href":"https:\/\/braidingknowledgescanada.ca\/fr\/wp-json\/wp\/v2\/media?parent=447"}],"curies":[{"name":"wp","href":"https:\/\/api.w.org\/{rel}","templated":true}]}}