{"id":1869,"date":"2025-10-15T20:20:05","date_gmt":"2025-10-15T20:20:05","guid":{"rendered":"https:\/\/braidingknowledgescanada.ca\/?page_id=1869"},"modified":"2026-01-21T21:17:52","modified_gmt":"2026-01-21T21:17:52","slug":"braiding-wildlife-knowledges-2","status":"publish","type":"page","link":"https:\/\/braidingknowledgescanada.ca\/fr\/braiding-wildlife-knowledges-2\/","title":{"rendered":"Nouer les savoirs fauniques"},"content":{"rendered":"<div data-elementor-type=\"wp-page\" data-elementor-id=\"1869\" class=\"elementor elementor-1869\" data-elementor-post-type=\"page\">\n\t\t\t\t<div class=\"elementor-element elementor-element-e5fa2fd e-flex e-con-boxed e-con e-parent\" data-id=\"e5fa2fd\" data-element_type=\"container\" data-e-type=\"container\" data-settings=\"{&quot;background_background&quot;:&quot;classic&quot;}\">\n\t\t\t\t\t<div class=\"e-con-inner\">\n\t\t<div class=\"elementor-element elementor-element-9adfad6 e-con-full e-flex e-con e-child\" data-id=\"9adfad6\" data-element_type=\"container\" data-e-type=\"container\">\n\t\t\t\t<\/div>\n\t\t\t\t\t<\/div>\n\t\t\t\t<\/div>\n\t\t<div class=\"elementor-element elementor-element-20a19eb e-flex e-con-boxed e-con e-parent\" data-id=\"20a19eb\" data-element_type=\"container\" data-e-type=\"container\" data-settings=\"{&quot;background_background&quot;:&quot;classic&quot;}\">\n\t\t\t\t\t<div class=\"e-con-inner\">\n\t\t<div class=\"elementor-element elementor-element-aefa1c2 e-con-full e-flex e-con e-child\" data-id=\"aefa1c2\" data-element_type=\"container\" data-e-type=\"container\">\n\t\t\t\t<div class=\"elementor-element elementor-element-b3bc093 elementor-widget elementor-widget-heading\" data-id=\"b3bc093\" data-element_type=\"widget\" data-e-type=\"widget\" data-widget_type=\"heading.default\">\n\t\t\t\t<div class=\"elementor-widget-container\">\n\t\t\t\t\t<h2 class=\"elementor-heading-title elementor-size-default\">Nouer les savoirs fauniques pour la conservation communautaire et les syst\u00e8mes alimentaires locaux\n<\/h2>\t\t\t\t<\/div>\n\t\t\t\t<\/div>\n\t\t\t\t<div class=\"elementor-element elementor-element-e7505a3 about-links elementor-widget elementor-widget-text-editor\" data-id=\"e7505a3\" data-element_type=\"widget\" data-e-type=\"widget\" data-widget_type=\"text-editor.default\">\n\t\t\t\t<div class=\"elementor-widget-container\">\n\t\t\t\t\t\t\t\t\t<p><span style=\"font-weight: 400;\">Le P\u00f4le de connaissances Nouer les savoirs fauniques rassemble des communaut\u00e9s autochtones, des chercheur\u00b7e\u00b7s et des partenaires pour soutenir la conservation communautaire, la souverainet\u00e9 alimentaire et l\u2019adaptation aux changements climatiques. Actif dans les territoires des Nations cries, inuites, d\u00e9n\u00e9es, gwich\u2019in, anichinab\u00e9es et d\u2019autres, le P\u00f4le relie des projets territoriaux ax\u00e9s sur des esp\u00e8ces culturellement importantes comme le caribou, l\u2019oie, le b\u00e9luga, l\u2019orignal, l\u2019ours polaire et les oiseaux c\u00f4tiers.<\/span><\/p><p><span style=\"font-weight: 400;\">En s\u2019appuyant sur un mod\u00e8le de co-production des savoirs fond\u00e9 sur la responsabilit\u00e9 mutuelle et des ententes \u00e9thiques de recherche, le centre soutient la protection et l\u2019application des savoirs autochtones selon les principes de Propri\u00e9t\u00e9, Contr\u00f4le, Acc\u00e8s et Possession (PCAP\u00ae). Le leadership communautaire oriente toutes les \u00e9tapes du travail \u2013 de la conception des projets \u00e0 l\u2019interpr\u00e9tation et au partage des r\u00e9sultats \u2013 en veillant \u00e0 ce que les priorit\u00e9s locales et la souverainet\u00e9 soient au c\u0153ur des d\u00e9marches.<\/span><\/p><p><span style=\"font-weight: 400;\">Des ateliers, du travail de terrain collaboratif et des rassemblements cr\u00e9ent des espaces d\u2019\u00e9change entre A\u00een\u00e9\u00b7e\u00b7s, gardien\u00b7ne\u00b7s du savoir, jeunes et chercheur\u00b7e\u00b7s. Les jeunes sont impliqu\u00e9\u00b7e\u00b7s par des activit\u00e9s sur le territoire, du mentorat et de la formation, tandis que les d\u00e9tenteur\u00b7trice\u00b7s de savoirs autochtones et les universitaires co-d\u00e9veloppent les questions de recherche, analysent les r\u00e9sultats ensemble et les diffusent dans les communaut\u00e9s.<\/span><\/p><p><span style=\"font-weight: 400;\">En amplifiant les voix et les syst\u00e8mes de savoirs autochtones, ce P\u00f4le renforce la capacit\u00e9 collective \u00e0 influencer les d\u00e9cisions li\u00e9es \u00e0 l\u2019environnement, \u00e0 la culture et \u00e0 l\u2019alimentation \u00e0 l\u2019\u00e9chelle bor\u00e9ale et arctique. Il favorise des relations \u00e0 long terme et une intendance partag\u00e9e des terres et des esp\u00e8ces, dans un esprit d\u2019\u00e9thique, d\u2019inclusion et de respect culturel.<\/span><\/p>\t\t\t\t\t\t\t\t<\/div>\n\t\t\t\t<\/div>\n\t\t\t\t<\/div>\n\t\t\t\t\t<\/div>\n\t\t\t\t<\/div>\n\t\t<div class=\"elementor-element elementor-element-91a3c89 e-flex e-con-boxed e-con e-parent\" data-id=\"91a3c89\" data-element_type=\"container\" data-e-type=\"container\" data-settings=\"{&quot;background_background&quot;:&quot;classic&quot;}\">\n\t\t\t\t\t<div class=\"e-con-inner\">\n\t\t<div class=\"elementor-element elementor-element-1eb5a14 e-con-full e-flex e-con e-child\" data-id=\"1eb5a14\" data-element_type=\"container\" data-e-type=\"container\">\n\t\t<div class=\"elementor-element elementor-element-ff305a6 e-con-full e-flex e-con e-child\" data-id=\"ff305a6\" data-element_type=\"container\" data-e-type=\"container\">\n\t\t<div class=\"elementor-element elementor-element-3d5d86a e-con-full e-flex e-con e-child\" data-id=\"3d5d86a\" data-element_type=\"container\" data-e-type=\"container\">\n\t\t\t\t<div class=\"elementor-element elementor-element-83719a6 elementor-widget elementor-widget-heading\" data-id=\"83719a6\" data-element_type=\"widget\" data-e-type=\"widget\" data-widget_type=\"heading.default\">\n\t\t\t\t<div class=\"elementor-widget-container\">\n\t\t\t\t\t<h2 class=\"elementor-heading-title elementor-size-default\">Leaders du savoir :\n<\/h2>\t\t\t\t<\/div>\n\t\t\t\t<\/div>\n\t\t\t\t<\/div>\n\t\t<div class=\"elementor-element elementor-element-e001d8c e-con-full e-flex e-con e-child\" data-id=\"e001d8c\" data-element_type=\"container\" data-e-type=\"container\">\n\t\t\t\t<div class=\"elementor-element elementor-element-6a7739e about-links elementor-widget elementor-widget-text-editor\" data-id=\"6a7739e\" data-element_type=\"widget\" data-e-type=\"widget\" data-widget_type=\"text-editor.default\">\n\t\t\t\t<div class=\"elementor-widget-container\">\n\t\t\t\t\t\t\t\t\t<ul><li><span style=\"font-weight: 400;\">Murray Humphries \u2013 Universit\u00e9 McGill<\/span><\/li><li><span style=\"font-weight: 400;\">Allyson Menzies \u2013 Universit\u00e9 de Calgary<\/span><\/li><\/ul>\t\t\t\t\t\t\t\t<\/div>\n\t\t\t\t<\/div>\n\t\t\t\t<\/div>\n\t\t\t\t<\/div>\n\t\t\t\t<\/div>\n\t\t\t\t\t<\/div>\n\t\t\t\t<\/div>\n\t\t<div class=\"elementor-element elementor-element-31de088 e-flex e-con-boxed e-con e-parent\" data-id=\"31de088\" data-element_type=\"container\" data-e-type=\"container\" data-settings=\"{&quot;background_background&quot;:&quot;classic&quot;}\">\n\t\t\t\t\t<div class=\"e-con-inner\">\n\t\t<div class=\"elementor-element elementor-element-dec2b0d e-con-full e-flex e-con e-child\" data-id=\"dec2b0d\" data-element_type=\"container\" data-e-type=\"container\">\n\t\t\t\t<div class=\"elementor-element elementor-element-692e7ca elementor-widget elementor-widget-heading\" data-id=\"692e7ca\" data-element_type=\"widget\" data-e-type=\"widget\" data-widget_type=\"heading.default\">\n\t\t\t\t<div class=\"elementor-widget-container\">\n\t\t\t\t\t<h2 class=\"elementor-heading-title elementor-size-default\">Objectifs :<\/h2>\t\t\t\t<\/div>\n\t\t\t\t<\/div>\n\t\t\t\t<div class=\"elementor-element elementor-element-fb66da8 about-links elementor-widget elementor-widget-text-editor\" data-id=\"fb66da8\" data-element_type=\"widget\" data-e-type=\"widget\" data-widget_type=\"text-editor.default\">\n\t\t\t\t<div class=\"elementor-widget-container\">\n\t\t\t\t\t\t\t\t\t<ul><li style=\"font-weight: 400;\" aria-level=\"1\"><span style=\"font-weight: 400;\">Soutenir la surveillance de la faune, la conservation et la revitalisation des syst\u00e8mes alimentaires locaux dirig\u00e9es par les communaut\u00e9s<\/span><\/li><li style=\"font-weight: 400;\" aria-level=\"1\"><span style=\"font-weight: 400;\">Appliquer une approche de co-production des savoirs maillant les syst\u00e8mes de savoirs autochtones et occidentaux<\/span><\/li><li style=\"font-weight: 400;\" aria-level=\"1\"><span style=\"font-weight: 400;\">Renforcer le leadership autochtone dans la gouvernance environnementale et la prise de d\u00e9cision<\/span><\/li><li style=\"font-weight: 400;\" aria-level=\"1\"><span style=\"font-weight: 400;\">D\u00e9velopper les capacit\u00e9s communautaires par l\u2019apprentissage sur le terrain et les \u00e9changes interg\u00e9n\u00e9rationnels<\/span><\/li><li style=\"font-weight: 400;\" aria-level=\"1\"><span style=\"font-weight: 400;\">Promouvoir un impact r\u00e9gional et national par le partage des connaissances issues de projets ancr\u00e9s dans les territoires<\/span><\/li><li style=\"list-style-type: none;\">\u00a0<\/li><\/ul>\t\t\t\t\t\t\t\t<\/div>\n\t\t\t\t<\/div>\n\t\t\t\t<div class=\"elementor-element elementor-element-d5fa3d2 elementor-widget elementor-widget-image\" data-id=\"d5fa3d2\" data-element_type=\"widget\" data-e-type=\"widget\" data-widget_type=\"image.default\">\n\t\t\t\t<div class=\"elementor-widget-container\">\n\t\t\t\t\t\t\t\t\t\t\t\t<figure class=\"wp-caption\">\n\t\t\t\t\t\t\t\t\t\t<img fetchpriority=\"high\" decoding=\"async\" width=\"800\" height=\"361\" src=\"https:\/\/braidingknowledgescanada.ca\/wp-content\/uploads\/2025\/10\/ALEXAN1-1024x462.jpg\" class=\"attachment-large size-large wp-image-1870\" alt=\"\" srcset=\"https:\/\/braidingknowledgescanada.ca\/wp-content\/uploads\/2025\/10\/ALEXAN1-1024x462.jpg 1024w, https:\/\/braidingknowledgescanada.ca\/wp-content\/uploads\/2025\/10\/ALEXAN1-300x135.jpg 300w, https:\/\/braidingknowledgescanada.ca\/wp-content\/uploads\/2025\/10\/ALEXAN1-768x346.jpg 768w, https:\/\/braidingknowledgescanada.ca\/wp-content\/uploads\/2025\/10\/ALEXAN1-1536x692.jpg 1536w, https:\/\/braidingknowledgescanada.ca\/wp-content\/uploads\/2025\/10\/ALEXAN1-2048x923.jpg 2048w, https:\/\/braidingknowledgescanada.ca\/wp-content\/uploads\/2025\/10\/ALEXAN1-18x8.jpg 18w\" sizes=\"(max-width: 800px) 100vw, 800px\" \/>\t\t\t\t\t\t\t\t\t\t\t<figcaption class=\"widget-image-caption wp-caption-text\">Alexandra Langwieder (McGill PhD\nstudent) and George Natawapineskum\n(Wemindji CTA-EMR Officer) setting up\npolar bear hair snare.<\/figcaption>\n\t\t\t\t\t\t\t\t\t\t<\/figure>\n\t\t\t\t\t\t\t\t\t<\/div>\n\t\t\t\t<\/div>\n\t\t\t\t<div class=\"elementor-element elementor-element-2c37708 about-links elementor-widget elementor-widget-text-editor\" data-id=\"2c37708\" data-element_type=\"widget\" data-e-type=\"widget\" data-widget_type=\"text-editor.default\">\n\t\t\t\t<div class=\"elementor-widget-container\">\n\t\t\t\t\t\t\t\t\t<p><b>Lieu : <\/b><span style=\"font-weight: 400;\">Plusieurs territoires autochtones dans les r\u00e9gions bor\u00e9ales et arctiques, incluant les terres cries, anichinab\u00e9es, d\u00e9n\u00e9es, gwich\u2019in et inuites.<\/span><\/p>\t\t\t\t\t\t\t\t<\/div>\n\t\t\t\t<\/div>\n\t\t\t\t<div class=\"elementor-element elementor-element-78621c7 about-links elementor-widget elementor-widget-text-editor\" data-id=\"78621c7\" data-element_type=\"widget\" data-e-type=\"widget\" data-widget_type=\"text-editor.default\">\n\t\t\t\t<div class=\"elementor-widget-container\">\n\t\t\t\t\t\t\t\t\t<p><b>Partenaires et organismes de financement :<\/b><\/p><p><span style=\"font-weight: 400;\">Centre pour la nutrition et l\u2019environnement des peuples autochtones de McGill<\/span><span style=\"font-weight: 400;\"><br \/><\/span><span style=\"font-weight: 400;\">Environnement et Changement climatique Canada<\/span><span style=\"font-weight: 400;\"><br \/><\/span><span style=\"font-weight: 400;\">Nature United<\/span><span style=\"font-weight: 400;\"><br \/><\/span><span style=\"font-weight: 400;\">Gouvernement du Qu\u00e9bec (Minist\u00e8re des Ressources naturelles et des For\u00eats ; MELCCFP)<\/span><span style=\"font-weight: 400;\"><br \/><\/span><span style=\"font-weight: 400;\">Nunavik : Anguvigaq, Makivik, Conseil de gestion des ressources fauniques de la r\u00e9gion marine du Nunavik<\/span><span style=\"font-weight: 400;\"><br \/><\/span><span style=\"font-weight: 400;\">Eeyou Istchee : Gouvernement de la Nation crie, Association des trappeurs cris, Conseil de gestion des ressources fauniques de la r\u00e9gion marine d\u2019Eeyou<\/span><span style=\"font-weight: 400;\"><br \/><\/span><span style=\"font-weight: 400;\">Nunavut : Arviat Aqqiumavvik Society<\/span><span style=\"font-weight: 400;\"><br \/><\/span><span style=\"font-weight: 400;\">Yukon : Environnement Yukon, Conseil consultatif de la gestion de la faune de la c\u00f4te nord, Conseil de gestion du caribou de la Porcupine<\/span><\/p>\t\t\t\t\t\t\t\t<\/div>\n\t\t\t\t<\/div>\n\t\t\t\t<\/div>\n\t\t\t\t\t<\/div>\n\t\t\t\t<\/div>\n\t\t\t\t<\/div>","protected":false},"excerpt":{"rendered":"<p>Braiding Wildlife Knowledges for Community-Based Conservation and Local Food Systems The Braiding Wildlife Knowledges Hub brings together Indigenous communities, researchers, and partners to support community-based conservation, food sovereignty, and climate adaptation. Active across Cree, Inuit, Dene, Gwich\u2019in, Anishinaabeg, and other Nations. This Hub links diverse land-based projects that center culturally important species such as caribou, [&hellip;]<\/p>\n","protected":false},"author":9,"featured_media":0,"parent":0,"menu_order":0,"comment_status":"closed","ping_status":"closed","template":"elementor_header_footer","meta":{"content-type":"","inline_featured_image":false,"footnotes":""},"class_list":["post-1869","page","type-page","status-publish","hentry"],"yoast_head":"<!-- This site is optimized with the Yoast SEO plugin v27.1.1 - https:\/\/yoast.com\/product\/yoast-seo-wordpress\/ -->\n<title>Braiding Wildlife Knowledges - Braiding Knowledges Canada<\/title>\n<meta name=\"robots\" content=\"index, follow, max-snippet:-1, max-image-preview:large, max-video-preview:-1\" \/>\n<link rel=\"canonical\" href=\"https:\/\/braidingknowledgescanada.ca\/fr\/braiding-wildlife-knowledges-2\/\" \/>\n<meta property=\"og:locale\" content=\"fr_FR\" \/>\n<meta property=\"og:type\" content=\"article\" \/>\n<meta property=\"og:title\" content=\"Braiding Wildlife Knowledges - Braiding Knowledges Canada\" \/>\n<meta property=\"og:description\" content=\"Braiding Wildlife Knowledges for Community-Based Conservation and Local Food Systems The Braiding Wildlife Knowledges Hub brings together Indigenous communities, researchers, and partners to support community-based conservation, food sovereignty, and climate adaptation. Active across Cree, Inuit, Dene, Gwich\u2019in, Anishinaabeg, and other Nations. This Hub links diverse land-based projects that center culturally important species such as caribou, [&hellip;]\" \/>\n<meta property=\"og:url\" content=\"https:\/\/braidingknowledgescanada.ca\/fr\/braiding-wildlife-knowledges-2\/\" \/>\n<meta property=\"og:site_name\" content=\"Braiding Knowledges Canada\" \/>\n<meta property=\"article:publisher\" content=\"https:\/\/www.facebook.com\/braidingknowledges\/\" \/>\n<meta property=\"article:modified_time\" content=\"2026-01-21T21:17:52+00:00\" \/>\n<meta property=\"og:image\" content=\"https:\/\/braidingknowledgescanada.ca\/wp-content\/uploads\/2025\/10\/ALEXAN1-1024x462.jpg\" \/>\n<meta name=\"twitter:card\" content=\"summary_large_image\" \/>\n<meta name=\"twitter:site\" content=\"@braidingknowldg\" \/>\n<meta name=\"twitter:label1\" content=\"Est. reading time\" \/>\n\t<meta name=\"twitter:data1\" content=\"2 minutes\" \/>\n<script type=\"application\/ld+json\" class=\"yoast-schema-graph\">{\"@context\":\"https:\/\/schema.org\",\"@graph\":[{\"@type\":\"WebPage\",\"@id\":\"https:\/\/braidingknowledgescanada.ca\/braiding-wildlife-knowledges-2\/\",\"url\":\"https:\/\/braidingknowledgescanada.ca\/braiding-wildlife-knowledges-2\/\",\"name\":\"Braiding Wildlife Knowledges - Braiding Knowledges Canada\",\"isPartOf\":{\"@id\":\"https:\/\/braidingknowledgescanada.ca\/#website\"},\"primaryImageOfPage\":{\"@id\":\"https:\/\/braidingknowledgescanada.ca\/braiding-wildlife-knowledges-2\/#primaryimage\"},\"image\":{\"@id\":\"https:\/\/braidingknowledgescanada.ca\/braiding-wildlife-knowledges-2\/#primaryimage\"},\"thumbnailUrl\":\"https:\/\/braidingknowledgescanada.ca\/wp-content\/uploads\/2025\/10\/ALEXAN1-1024x462.jpg\",\"datePublished\":\"2025-10-15T20:20:05+00:00\",\"dateModified\":\"2026-01-21T21:17:52+00:00\",\"breadcrumb\":{\"@id\":\"https:\/\/braidingknowledgescanada.ca\/braiding-wildlife-knowledges-2\/#breadcrumb\"},\"inLanguage\":\"fr-FR\",\"potentialAction\":[{\"@type\":\"ReadAction\",\"target\":[\"https:\/\/braidingknowledgescanada.ca\/braiding-wildlife-knowledges-2\/\"]}]},{\"@type\":\"ImageObject\",\"inLanguage\":\"fr-FR\",\"@id\":\"https:\/\/braidingknowledgescanada.ca\/braiding-wildlife-knowledges-2\/#primaryimage\",\"url\":\"https:\/\/braidingknowledgescanada.ca\/wp-content\/uploads\/2025\/10\/ALEXAN1-1024x462.jpg\",\"contentUrl\":\"https:\/\/braidingknowledgescanada.ca\/wp-content\/uploads\/2025\/10\/ALEXAN1-1024x462.jpg\"},{\"@type\":\"BreadcrumbList\",\"@id\":\"https:\/\/braidingknowledgescanada.ca\/braiding-wildlife-knowledges-2\/#breadcrumb\",\"itemListElement\":[{\"@type\":\"ListItem\",\"position\":1,\"name\":\"Home\",\"item\":\"https:\/\/braidingknowledgescanada.ca\/\"},{\"@type\":\"ListItem\",\"position\":2,\"name\":\"Braiding Wildlife Knowledges\"}]},{\"@type\":\"WebSite\",\"@id\":\"https:\/\/braidingknowledgescanada.ca\/#website\",\"url\":\"https:\/\/braidingknowledgescanada.ca\/\",\"name\":\"Braiding Knowledges Canada\",\"description\":\"Formerly the Canadian Mountain Network\",\"publisher\":{\"@id\":\"https:\/\/braidingknowledgescanada.ca\/#organization\"},\"potentialAction\":[{\"@type\":\"SearchAction\",\"target\":{\"@type\":\"EntryPoint\",\"urlTemplate\":\"https:\/\/braidingknowledgescanada.ca\/?s={search_term_string}\"},\"query-input\":{\"@type\":\"PropertyValueSpecification\",\"valueRequired\":true,\"valueName\":\"search_term_string\"}}],\"inLanguage\":\"fr-FR\"},{\"@type\":\"Organization\",\"@id\":\"https:\/\/braidingknowledgescanada.ca\/#organization\",\"name\":\"Braiding Knowledges Canada\",\"url\":\"https:\/\/braidingknowledgescanada.ca\/\",\"logo\":{\"@type\":\"ImageObject\",\"inLanguage\":\"fr-FR\",\"@id\":\"https:\/\/braidingknowledgescanada.ca\/#\/schema\/logo\/image\/\",\"url\":\"https:\/\/braidingknowledgescanada.ca\/wp-content\/uploads\/2024\/06\/Main-Logo.png\",\"contentUrl\":\"https:\/\/braidingknowledgescanada.ca\/wp-content\/uploads\/2024\/06\/Main-Logo.png\",\"width\":545,\"height\":184,\"caption\":\"Braiding Knowledges Canada\"},\"image\":{\"@id\":\"https:\/\/braidingknowledgescanada.ca\/#\/schema\/logo\/image\/\"},\"sameAs\":[\"https:\/\/www.facebook.com\/braidingknowledges\/\",\"https:\/\/x.com\/braidingknowldg\",\"https:\/\/www.instagram.com\/BraidingKnowledges\/\",\"https:\/\/www.youtube.com\/@BraidingKnowledges\"]}]}<\/script>\n<!-- \/ Yoast SEO plugin. -->","yoast_head_json":{"title":"Braiding Wildlife Knowledges - Braiding Knowledges Canada","robots":{"index":"index","follow":"follow","max-snippet":"max-snippet:-1","max-image-preview":"max-image-preview:large","max-video-preview":"max-video-preview:-1"},"canonical":"https:\/\/braidingknowledgescanada.ca\/fr\/braiding-wildlife-knowledges-2\/","og_locale":"fr_FR","og_type":"article","og_title":"Braiding Wildlife Knowledges - Braiding Knowledges Canada","og_description":"Braiding Wildlife Knowledges for Community-Based Conservation and Local Food Systems The Braiding Wildlife Knowledges Hub brings together Indigenous communities, researchers, and partners to support community-based conservation, food sovereignty, and climate adaptation. Active across Cree, Inuit, Dene, Gwich\u2019in, Anishinaabeg, and other Nations. This Hub links diverse land-based projects that center culturally important species such as caribou, [&hellip;]","og_url":"https:\/\/braidingknowledgescanada.ca\/fr\/braiding-wildlife-knowledges-2\/","og_site_name":"Braiding Knowledges Canada","article_publisher":"https:\/\/www.facebook.com\/braidingknowledges\/","article_modified_time":"2026-01-21T21:17:52+00:00","og_image":[{"url":"https:\/\/braidingknowledgescanada.ca\/wp-content\/uploads\/2025\/10\/ALEXAN1-1024x462.jpg","type":"","width":"","height":""}],"twitter_card":"summary_large_image","twitter_site":"@braidingknowldg","twitter_misc":{"Est. reading time":"2 minutes"},"schema":{"@context":"https:\/\/schema.org","@graph":[{"@type":"WebPage","@id":"https:\/\/braidingknowledgescanada.ca\/braiding-wildlife-knowledges-2\/","url":"https:\/\/braidingknowledgescanada.ca\/braiding-wildlife-knowledges-2\/","name":"Braiding Wildlife Knowledges - Braiding Knowledges Canada","isPartOf":{"@id":"https:\/\/braidingknowledgescanada.ca\/#website"},"primaryImageOfPage":{"@id":"https:\/\/braidingknowledgescanada.ca\/braiding-wildlife-knowledges-2\/#primaryimage"},"image":{"@id":"https:\/\/braidingknowledgescanada.ca\/braiding-wildlife-knowledges-2\/#primaryimage"},"thumbnailUrl":"https:\/\/braidingknowledgescanada.ca\/wp-content\/uploads\/2025\/10\/ALEXAN1-1024x462.jpg","datePublished":"2025-10-15T20:20:05+00:00","dateModified":"2026-01-21T21:17:52+00:00","breadcrumb":{"@id":"https:\/\/braidingknowledgescanada.ca\/braiding-wildlife-knowledges-2\/#breadcrumb"},"inLanguage":"fr-FR","potentialAction":[{"@type":"ReadAction","target":["https:\/\/braidingknowledgescanada.ca\/braiding-wildlife-knowledges-2\/"]}]},{"@type":"ImageObject","inLanguage":"fr-FR","@id":"https:\/\/braidingknowledgescanada.ca\/braiding-wildlife-knowledges-2\/#primaryimage","url":"https:\/\/braidingknowledgescanada.ca\/wp-content\/uploads\/2025\/10\/ALEXAN1-1024x462.jpg","contentUrl":"https:\/\/braidingknowledgescanada.ca\/wp-content\/uploads\/2025\/10\/ALEXAN1-1024x462.jpg"},{"@type":"BreadcrumbList","@id":"https:\/\/braidingknowledgescanada.ca\/braiding-wildlife-knowledges-2\/#breadcrumb","itemListElement":[{"@type":"ListItem","position":1,"name":"Home","item":"https:\/\/braidingknowledgescanada.ca\/"},{"@type":"ListItem","position":2,"name":"Braiding Wildlife Knowledges"}]},{"@type":"WebSite","@id":"https:\/\/braidingknowledgescanada.ca\/#website","url":"https:\/\/braidingknowledgescanada.ca\/","name":"Renouer les savoirs Canada","description":"Anciennement le R\u00e9seau canadien des montagnes","publisher":{"@id":"https:\/\/braidingknowledgescanada.ca\/#organization"},"potentialAction":[{"@type":"SearchAction","target":{"@type":"EntryPoint","urlTemplate":"https:\/\/braidingknowledgescanada.ca\/?s={search_term_string}"},"query-input":{"@type":"PropertyValueSpecification","valueRequired":true,"valueName":"search_term_string"}}],"inLanguage":"fr-FR"},{"@type":"Organization","@id":"https:\/\/braidingknowledgescanada.ca\/#organization","name":"Renouer les savoirs Canada","url":"https:\/\/braidingknowledgescanada.ca\/","logo":{"@type":"ImageObject","inLanguage":"fr-FR","@id":"https:\/\/braidingknowledgescanada.ca\/#\/schema\/logo\/image\/","url":"https:\/\/braidingknowledgescanada.ca\/wp-content\/uploads\/2024\/06\/Main-Logo.png","contentUrl":"https:\/\/braidingknowledgescanada.ca\/wp-content\/uploads\/2024\/06\/Main-Logo.png","width":545,"height":184,"caption":"Braiding Knowledges Canada"},"image":{"@id":"https:\/\/braidingknowledgescanada.ca\/#\/schema\/logo\/image\/"},"sameAs":["https:\/\/www.facebook.com\/braidingknowledges\/","https:\/\/x.com\/braidingknowldg","https:\/\/www.instagram.com\/BraidingKnowledges\/","https:\/\/www.youtube.com\/@BraidingKnowledges"]}]}},"_links":{"self":[{"href":"https:\/\/braidingknowledgescanada.ca\/fr\/wp-json\/wp\/v2\/pages\/1869","targetHints":{"allow":["GET"]}}],"collection":[{"href":"https:\/\/braidingknowledgescanada.ca\/fr\/wp-json\/wp\/v2\/pages"}],"about":[{"href":"https:\/\/braidingknowledgescanada.ca\/fr\/wp-json\/wp\/v2\/types\/page"}],"author":[{"embeddable":true,"href":"https:\/\/braidingknowledgescanada.ca\/fr\/wp-json\/wp\/v2\/users\/9"}],"replies":[{"embeddable":true,"href":"https:\/\/braidingknowledgescanada.ca\/fr\/wp-json\/wp\/v2\/comments?post=1869"}],"version-history":[{"count":0,"href":"https:\/\/braidingknowledgescanada.ca\/fr\/wp-json\/wp\/v2\/pages\/1869\/revisions"}],"wp:attachment":[{"href":"https:\/\/braidingknowledgescanada.ca\/fr\/wp-json\/wp\/v2\/media?parent=1869"}],"curies":[{"name":"wp","href":"https:\/\/api.w.org\/{rel}","templated":true}]}}