{"id":588,"date":"2024-12-16T06:22:02","date_gmt":"2024-12-16T06:22:02","guid":{"rendered":"https:\/\/braidingknowledgescanada.ca\/?page_id=588"},"modified":"2026-01-21T21:17:55","modified_gmt":"2026-01-21T21:17:55","slug":"the-words-one-lives-by-knowledge-hub","status":"publish","type":"page","link":"https:\/\/braidingknowledgescanada.ca\/en\/the-words-one-lives-by-knowledge-hub\/","title":{"rendered":"The Words One Lives By Knowledge Hub"},"content":{"rendered":"\t\t<div data-elementor-type=\"wp-page\" data-elementor-id=\"588\" class=\"elementor elementor-588\" data-elementor-post-type=\"page\">\n\t\t\t\t<div class=\"elementor-element elementor-element-892963f e-flex e-con-boxed e-con e-parent\" data-id=\"892963f\" data-element_type=\"container\" data-e-type=\"container\" data-settings=\"{&quot;background_background&quot;:&quot;classic&quot;}\">\n\t\t\t\t\t<div class=\"e-con-inner\">\n\t\t<div class=\"elementor-element elementor-element-3f87859 e-con-full e-flex e-con e-child\" data-id=\"3f87859\" data-element_type=\"container\" data-e-type=\"container\">\n\t\t\t\t<\/div>\n\t\t\t\t\t<\/div>\n\t\t\t\t<\/div>\n\t\t<div class=\"elementor-element elementor-element-0c6a3cb e-flex e-con-boxed e-con e-parent\" data-id=\"0c6a3cb\" data-element_type=\"container\" data-e-type=\"container\" data-settings=\"{&quot;background_background&quot;:&quot;classic&quot;}\">\n\t\t\t\t\t<div class=\"e-con-inner\">\n\t\t<div class=\"elementor-element elementor-element-b0d8d43 e-con-full e-flex e-con e-child\" data-id=\"b0d8d43\" data-element_type=\"container\" data-e-type=\"container\">\n\t\t\t\t<div class=\"elementor-element elementor-element-4acc324 elementor-widget elementor-widget-heading\" data-id=\"4acc324\" data-element_type=\"widget\" data-e-type=\"widget\" data-widget_type=\"heading.default\">\n\t\t\t\t<div class=\"elementor-widget-container\">\n\t\t\t\t\t<h2 class=\"elementor-heading-title elementor-size-default\">A k\u00e1a kududziteeyi yoo x\u2019at\u00e1nk (The Words One Lives By) Knowledge Hub<\/h2>\t\t\t\t<\/div>\n\t\t\t\t<\/div>\n\t\t\t\t<div class=\"elementor-element elementor-element-df699d7 about-links elementor-widget elementor-widget-text-editor\" data-id=\"df699d7\" data-element_type=\"widget\" data-e-type=\"widget\" data-widget_type=\"text-editor.default\">\n\t\t\t\t<div class=\"elementor-widget-container\">\n\t\t\t\t\t\t\t\t\t<p><span style=\"font-weight: 400;\">The <strong>A k\u00e1a kududziteeyi yoo x\u2019at\u00e1nk Knowledge Hub<\/strong> is devoted to revitalizing and applying the traditional laws of the Taku River Tlingit First Nation (TRT) to benefit <\/span><i><span style=\"font-weight: 400;\">All Our Relations<\/span><\/i><span style=\"font-weight: 400;\">. Led by the T\u2019akhu Tl\u00e8n Conservancy, a TRT-created nonprofit, and guided by a Steering Committee of Tlingit leaders and Elders, the Hub centers Indigenous knowledge and law in governance, healing, and environmental stewardship.<\/span><\/p><p><span style=\"font-weight: 400;\">The project responds to the impacts of colonization, which disrupted traditional law transmission systems and harmed relationships with the land, animals, and one another. Through a Deliberative Law Drafting process, the Hub enables TRT people to become experts in their own laws and validate existing legal principles. The long-term goal is to ensure that Tlingit law remains a living system, rooted in practice and passed onto future generations.<\/span><\/p><p><span style=\"font-weight: 400;\">Inspired by the concept of \u201cwooshtin wudidaa\u201d (flowing together), and teachings from late Elder Jackie Williams, the Hub fosters collaboration between Tlingit and non-Indigenous partners in ways that respect ethical space. The metaphor of two rivers\u2014the Nakina and the Sloko\u2014joining in the Taku watershed illustrates the strength of this approach.<\/span><\/p><p><span style=\"font-weight: 400;\">Land-based trainings and on-the-land legal teachings reconnect Tlingit citizens, especially youth, to their <\/span><i><span style=\"font-weight: 400;\">Kusteey\u00ed<\/span><\/i><span style=\"font-weight: 400;\"> (way of life) and deepen their capacity to lead. By supporting community-led conservation, self-determination, and legal revitalization, the Hub strengthens TRT\u2019s ability to govern according to their own laws and values.<\/span><\/p><p><span style=\"font-weight: 400;\">In future phases, the Hub will expand its knowledge sharing, mentorship, and networking with other organizations engaged in similar decolonial, land-based, and Indigenous law revitalization efforts\u2014creating space for knowledge braiding and wider impact.<\/span><\/p>\t\t\t\t\t\t\t\t<\/div>\n\t\t\t\t<\/div>\n\t\t\t\t<\/div>\n\t\t\t\t\t<\/div>\n\t\t\t\t<\/div>\n\t\t<div class=\"elementor-element elementor-element-f443675 e-flex e-con-boxed e-con e-parent\" data-id=\"f443675\" data-element_type=\"container\" data-e-type=\"container\" data-settings=\"{&quot;background_background&quot;:&quot;classic&quot;}\">\n\t\t\t\t\t<div class=\"e-con-inner\">\n\t\t<div class=\"elementor-element elementor-element-3edf268 e-con-full e-flex e-con e-child\" data-id=\"3edf268\" data-element_type=\"container\" data-e-type=\"container\">\n\t\t\t\t<div class=\"elementor-element elementor-element-1992146 elementor-widget elementor-widget-heading\" data-id=\"1992146\" data-element_type=\"widget\" data-e-type=\"widget\" data-widget_type=\"heading.default\">\n\t\t\t\t<div class=\"elementor-widget-container\">\n\t\t\t\t\t<h2 class=\"elementor-heading-title elementor-size-default\">Hub Goals:<\/h2>\t\t\t\t<\/div>\n\t\t\t\t<\/div>\n\t\t\t\t<div class=\"elementor-element elementor-element-9e70196 about-links elementor-widget elementor-widget-text-editor\" data-id=\"9e70196\" data-element_type=\"widget\" data-e-type=\"widget\" data-widget_type=\"text-editor.default\">\n\t\t\t\t<div class=\"elementor-widget-container\">\n\t\t\t\t\t\t\t\t\t<ul><li style=\"font-weight: 400;\" aria-level=\"1\"><span style=\"font-weight: 400;\">To empower Taku River Tlingit (TRT) people to assert \u0141ing\u00edt laws in such a way that maintains respectful relationship with the land, the animals, and all peoples within their \u0141ing\u00edt An\u00ed (traditional territory) and;<\/span><\/li><li style=\"font-weight: 400;\" aria-level=\"1\"><span style=\"font-weight: 400;\">To ensure TRT people are experts in their own \u0141ing\u00edt laws and that they are living these laws so they can be transferred to the next generation.<\/span><\/li><\/ul>\t\t\t\t\t\t\t\t<\/div>\n\t\t\t\t<\/div>\n\t\t\t\t<div class=\"elementor-element elementor-element-4601817 elementor-widget elementor-widget-image\" data-id=\"4601817\" data-element_type=\"widget\" data-e-type=\"widget\" data-widget_type=\"image.default\">\n\t\t\t\t<div class=\"elementor-widget-container\">\n\t\t\t\t\t\t\t\t\t\t\t\t<figure class=\"wp-caption\">\n\t\t\t\t\t\t\t\t\t\t<img fetchpriority=\"high\" decoding=\"async\" width=\"800\" height=\"600\" src=\"https:\/\/braidingknowledgescanada.ca\/wp-content\/uploads\/2025\/10\/IMG_3686-1-1024x768.jpg\" class=\"attachment-large size-large wp-image-1845\" alt=\"\" srcset=\"https:\/\/braidingknowledgescanada.ca\/wp-content\/uploads\/2025\/10\/IMG_3686-1-1024x768.jpg 1024w, https:\/\/braidingknowledgescanada.ca\/wp-content\/uploads\/2025\/10\/IMG_3686-1-300x225.jpg 300w, https:\/\/braidingknowledgescanada.ca\/wp-content\/uploads\/2025\/10\/IMG_3686-1-768x576.jpg 768w, https:\/\/braidingknowledgescanada.ca\/wp-content\/uploads\/2025\/10\/IMG_3686-1-1536x1152.jpg 1536w, https:\/\/braidingknowledgescanada.ca\/wp-content\/uploads\/2025\/10\/IMG_3686-1-2048x1536.jpg 2048w, https:\/\/braidingknowledgescanada.ca\/wp-content\/uploads\/2025\/10\/IMG_3686-1-16x12.jpg 16w\" sizes=\"(max-width: 800px) 100vw, 800px\" \/>\t\t\t\t\t\t\t\t\t\t\t<figcaption class=\"widget-image-caption wp-caption-text\">The 2025 Nakina Trail hikers<\/figcaption>\n\t\t\t\t\t\t\t\t\t\t<\/figure>\n\t\t\t\t\t\t\t\t\t<\/div>\n\t\t\t\t<\/div>\n\t\t\t\t<div class=\"elementor-element elementor-element-7cec308 about-links elementor-widget elementor-widget-text-editor\" data-id=\"7cec308\" data-element_type=\"widget\" data-e-type=\"widget\" data-widget_type=\"text-editor.default\">\n\t\t\t\t<div class=\"elementor-widget-container\">\n\t\t\t\t\t\t\t\t\t<p><b>Location: <\/b><span style=\"font-weight: 400;\">This project is rooted in the traditional territory of the Taku River Tlingit First Nation (\u0141ing\u00edt An\u00ed) in and around the remote community of Atlin, British Columbia, Canada.<\/span><\/p>\t\t\t\t\t\t\t\t<\/div>\n\t\t\t\t<\/div>\n\t\t<div class=\"elementor-element elementor-element-dc0aeac e-con-full e-flex e-con e-child\" data-id=\"dc0aeac\" data-element_type=\"container\" data-e-type=\"container\">\n\t\t<div class=\"elementor-element elementor-element-87ff113 e-con-full e-flex e-con e-child\" data-id=\"87ff113\" data-element_type=\"container\" data-e-type=\"container\">\n\t\t\t\t<div class=\"elementor-element elementor-element-0d72d92 elementor-widget elementor-widget-heading\" data-id=\"0d72d92\" data-element_type=\"widget\" data-e-type=\"widget\" data-widget_type=\"heading.default\">\n\t\t\t\t<div class=\"elementor-widget-container\">\n\t\t\t\t\t<h2 class=\"elementor-heading-title elementor-size-default\">Knowledge Leaders:\n<\/h2>\t\t\t\t<\/div>\n\t\t\t\t<\/div>\n\t\t\t\t<div class=\"elementor-element elementor-element-010da61 about-links elementor-widget elementor-widget-text-editor\" data-id=\"010da61\" data-element_type=\"widget\" data-e-type=\"widget\" data-widget_type=\"text-editor.default\">\n\t\t\t\t<div class=\"elementor-widget-container\">\n\t\t\t\t\t\t\t\t\t<ul><li><i><span style=\"font-weight: 400;\">Indigenous Co-Leads:<\/span><\/i><span style=\"font-weight: 400;\"> Neilat\u00f3o.atsien Allan, K\u2019\u00e8duk\u00e0 Jack, Daas.oox\u0331 Kirby, Joan Jack, Bryan Jack (Tlingit Steering Committee Members)<\/span><\/li><li><i><span style=\"font-weight: 400;\">Non-Indigenous Co-Lead:<\/span><\/i><span style=\"font-weight: 400;\"> Aimee Schmidt \u2013 Executive Director, T\u2019akhu Tl\u00e8n Conservancy<\/span><\/li><\/ul>\t\t\t\t\t\t\t\t<\/div>\n\t\t\t\t<\/div>\n\t\t\t\t<div class=\"elementor-element elementor-element-eeed5e8 about-links elementor-widget elementor-widget-text-editor\" data-id=\"eeed5e8\" data-element_type=\"widget\" data-e-type=\"widget\" data-widget_type=\"text-editor.default\">\n\t\t\t\t<div class=\"elementor-widget-container\">\n\t\t\t\t\t\t\t\t\t<p>\u00a0<\/p><p><b>Partners and Funders:<\/b><\/p><ul><li style=\"font-weight: 400;\" aria-level=\"1\"><span style=\"font-weight: 400;\">T\u2019akhu Tl\u00e8n Conservancy (TAC)<\/span><\/li><li style=\"font-weight: 400;\" aria-level=\"1\"><span style=\"font-weight: 400;\">Taku River Tlingit First Nation<\/span><\/li><li style=\"font-weight: 400;\" aria-level=\"1\"><span style=\"font-weight: 400;\">Round River Canada<\/span><\/li><li style=\"font-weight: 400;\" aria-level=\"1\"><span style=\"font-weight: 400;\">Children of the Taku Society<\/span><\/li><li style=\"font-weight: 400;\" aria-level=\"1\"><span style=\"font-weight: 400;\">West Coast Environmental Law<\/span><\/li><li style=\"font-weight: 400;\" aria-level=\"1\"><span style=\"font-weight: 400;\">Additional funders and collaborators to be named as the project expands<\/span><\/li><\/ul>\t\t\t\t\t\t\t\t<\/div>\n\t\t\t\t<\/div>\n\t\t\t\t<\/div>\n\t\t\t\t<\/div>\n\t\t\t\t<\/div>\n\t\t\t\t\t<\/div>\n\t\t\t\t<\/div>\n\t\t\t\t<\/div>\n\t\t","protected":false},"excerpt":{"rendered":"<p>A k\u00e1a kududziteeyi yoo x\u2019at\u00e1nk (The Words One Lives By) Knowledge Hub The A k\u00e1a kududziteeyi yoo x\u2019at\u00e1nk Knowledge Hub is devoted to revitalizing and applying the traditional laws of the Taku River Tlingit First Nation (TRT) to benefit All Our Relations. Led by the T\u2019akhu Tl\u00e8n Conservancy, a TRT-created nonprofit, and guided by a [&hellip;]<\/p>\n","protected":false},"author":3,"featured_media":0,"parent":0,"menu_order":0,"comment_status":"closed","ping_status":"closed","template":"elementor_header_footer","meta":{"content-type":"","inline_featured_image":false,"footnotes":""},"class_list":["post-588","page","type-page","status-publish","hentry"],"yoast_head":"<!-- This site is optimized with the Yoast SEO plugin v27.4 - https:\/\/yoast.com\/product\/yoast-seo-wordpress\/ -->\n<title>The Words One Lives By Knowledge Hub - Braiding Knowledges Canada<\/title>\n<meta name=\"robots\" content=\"index, follow, max-snippet:-1, max-image-preview:large, max-video-preview:-1\" \/>\n<link rel=\"canonical\" href=\"https:\/\/braidingknowledgescanada.ca\/en\/the-words-one-lives-by-knowledge-hub\/\" \/>\n<meta property=\"og:locale\" content=\"en_US\" \/>\n<meta property=\"og:type\" content=\"article\" \/>\n<meta property=\"og:title\" content=\"The Words One Lives By Knowledge Hub - Braiding Knowledges Canada\" \/>\n<meta property=\"og:description\" content=\"A k\u00e1a kududziteeyi yoo x\u2019at\u00e1nk (The Words One Lives By) Knowledge Hub The A k\u00e1a kududziteeyi yoo x\u2019at\u00e1nk Knowledge Hub is devoted to revitalizing and applying the traditional laws of the Taku River Tlingit First Nation (TRT) to benefit All Our Relations. Led by the T\u2019akhu Tl\u00e8n Conservancy, a TRT-created nonprofit, and guided by a [&hellip;]\" \/>\n<meta property=\"og:url\" content=\"https:\/\/braidingknowledgescanada.ca\/en\/the-words-one-lives-by-knowledge-hub\/\" \/>\n<meta property=\"og:site_name\" content=\"Braiding Knowledges Canada\" \/>\n<meta property=\"article:publisher\" content=\"https:\/\/www.facebook.com\/braidingknowledges\/\" \/>\n<meta property=\"article:modified_time\" content=\"2026-01-21T21:17:55+00:00\" \/>\n<meta property=\"og:image\" content=\"https:\/\/braidingknowledgescanada.ca\/wp-content\/uploads\/2025\/10\/IMG_3686-1-1024x768.jpg\" \/>\n<meta name=\"twitter:card\" content=\"summary_large_image\" \/>\n<meta name=\"twitter:site\" content=\"@braidingknowldg\" \/>\n<meta name=\"twitter:label1\" content=\"Est. reading time\" \/>\n\t<meta name=\"twitter:data1\" content=\"3 minutes\" \/>\n<script type=\"application\/ld+json\" class=\"yoast-schema-graph\">{\"@context\":\"https:\\\/\\\/schema.org\",\"@graph\":[{\"@type\":\"WebPage\",\"@id\":\"https:\\\/\\\/braidingknowledgescanada.ca\\\/the-words-one-lives-by-knowledge-hub\\\/\",\"url\":\"https:\\\/\\\/braidingknowledgescanada.ca\\\/the-words-one-lives-by-knowledge-hub\\\/\",\"name\":\"The Words One Lives By Knowledge Hub - Braiding Knowledges Canada\",\"isPartOf\":{\"@id\":\"https:\\\/\\\/braidingknowledgescanada.ca\\\/#website\"},\"primaryImageOfPage\":{\"@id\":\"https:\\\/\\\/braidingknowledgescanada.ca\\\/the-words-one-lives-by-knowledge-hub\\\/#primaryimage\"},\"image\":{\"@id\":\"https:\\\/\\\/braidingknowledgescanada.ca\\\/the-words-one-lives-by-knowledge-hub\\\/#primaryimage\"},\"thumbnailUrl\":\"https:\\\/\\\/braidingknowledgescanada.ca\\\/wp-content\\\/uploads\\\/2025\\\/10\\\/IMG_3686-1-1024x768.jpg\",\"datePublished\":\"2024-12-16T06:22:02+00:00\",\"dateModified\":\"2026-01-21T21:17:55+00:00\",\"breadcrumb\":{\"@id\":\"https:\\\/\\\/braidingknowledgescanada.ca\\\/the-words-one-lives-by-knowledge-hub\\\/#breadcrumb\"},\"inLanguage\":\"en-US\",\"potentialAction\":[{\"@type\":\"ReadAction\",\"target\":[\"https:\\\/\\\/braidingknowledgescanada.ca\\\/the-words-one-lives-by-knowledge-hub\\\/\"]}]},{\"@type\":\"ImageObject\",\"inLanguage\":\"en-US\",\"@id\":\"https:\\\/\\\/braidingknowledgescanada.ca\\\/the-words-one-lives-by-knowledge-hub\\\/#primaryimage\",\"url\":\"https:\\\/\\\/braidingknowledgescanada.ca\\\/wp-content\\\/uploads\\\/2025\\\/10\\\/IMG_3686-1-1024x768.jpg\",\"contentUrl\":\"https:\\\/\\\/braidingknowledgescanada.ca\\\/wp-content\\\/uploads\\\/2025\\\/10\\\/IMG_3686-1-1024x768.jpg\"},{\"@type\":\"BreadcrumbList\",\"@id\":\"https:\\\/\\\/braidingknowledgescanada.ca\\\/the-words-one-lives-by-knowledge-hub\\\/#breadcrumb\",\"itemListElement\":[{\"@type\":\"ListItem\",\"position\":1,\"name\":\"Home\",\"item\":\"https:\\\/\\\/braidingknowledgescanada.ca\\\/\"},{\"@type\":\"ListItem\",\"position\":2,\"name\":\"The Words One Lives By Knowledge Hub\"}]},{\"@type\":\"WebSite\",\"@id\":\"https:\\\/\\\/braidingknowledgescanada.ca\\\/#website\",\"url\":\"https:\\\/\\\/braidingknowledgescanada.ca\\\/\",\"name\":\"Braiding Knowledges Canada\",\"description\":\"Formerly the Canadian Mountain Network\",\"publisher\":{\"@id\":\"https:\\\/\\\/braidingknowledgescanada.ca\\\/#organization\"},\"potentialAction\":[{\"@type\":\"SearchAction\",\"target\":{\"@type\":\"EntryPoint\",\"urlTemplate\":\"https:\\\/\\\/braidingknowledgescanada.ca\\\/?s={search_term_string}\"},\"query-input\":{\"@type\":\"PropertyValueSpecification\",\"valueRequired\":true,\"valueName\":\"search_term_string\"}}],\"inLanguage\":\"en-US\"},{\"@type\":\"Organization\",\"@id\":\"https:\\\/\\\/braidingknowledgescanada.ca\\\/#organization\",\"name\":\"Braiding Knowledges Canada\",\"url\":\"https:\\\/\\\/braidingknowledgescanada.ca\\\/\",\"logo\":{\"@type\":\"ImageObject\",\"inLanguage\":\"en-US\",\"@id\":\"https:\\\/\\\/braidingknowledgescanada.ca\\\/#\\\/schema\\\/logo\\\/image\\\/\",\"url\":\"https:\\\/\\\/braidingknowledgescanada.ca\\\/wp-content\\\/uploads\\\/2024\\\/06\\\/Main-Logo.png\",\"contentUrl\":\"https:\\\/\\\/braidingknowledgescanada.ca\\\/wp-content\\\/uploads\\\/2024\\\/06\\\/Main-Logo.png\",\"width\":545,\"height\":184,\"caption\":\"Braiding Knowledges Canada\"},\"image\":{\"@id\":\"https:\\\/\\\/braidingknowledgescanada.ca\\\/#\\\/schema\\\/logo\\\/image\\\/\"},\"sameAs\":[\"https:\\\/\\\/www.facebook.com\\\/braidingknowledges\\\/\",\"https:\\\/\\\/x.com\\\/braidingknowldg\",\"https:\\\/\\\/www.instagram.com\\\/BraidingKnowledges\\\/\",\"https:\\\/\\\/www.youtube.com\\\/@BraidingKnowledges\"]}]}<\/script>\n<!-- \/ Yoast SEO plugin. -->","yoast_head_json":{"title":"The Words One Lives By Knowledge Hub - Braiding Knowledges Canada","robots":{"index":"index","follow":"follow","max-snippet":"max-snippet:-1","max-image-preview":"max-image-preview:large","max-video-preview":"max-video-preview:-1"},"canonical":"https:\/\/braidingknowledgescanada.ca\/en\/the-words-one-lives-by-knowledge-hub\/","og_locale":"en_US","og_type":"article","og_title":"The Words One Lives By Knowledge Hub - Braiding Knowledges Canada","og_description":"A k\u00e1a kududziteeyi yoo x\u2019at\u00e1nk (The Words One Lives By) Knowledge Hub The A k\u00e1a kududziteeyi yoo x\u2019at\u00e1nk Knowledge Hub is devoted to revitalizing and applying the traditional laws of the Taku River Tlingit First Nation (TRT) to benefit All Our Relations. Led by the T\u2019akhu Tl\u00e8n Conservancy, a TRT-created nonprofit, and guided by a [&hellip;]","og_url":"https:\/\/braidingknowledgescanada.ca\/en\/the-words-one-lives-by-knowledge-hub\/","og_site_name":"Braiding Knowledges Canada","article_publisher":"https:\/\/www.facebook.com\/braidingknowledges\/","article_modified_time":"2026-01-21T21:17:55+00:00","og_image":[{"url":"https:\/\/braidingknowledgescanada.ca\/wp-content\/uploads\/2025\/10\/IMG_3686-1-1024x768.jpg","type":"","width":"","height":""}],"twitter_card":"summary_large_image","twitter_site":"@braidingknowldg","twitter_misc":{"Est. reading time":"3 minutes"},"schema":{"@context":"https:\/\/schema.org","@graph":[{"@type":"WebPage","@id":"https:\/\/braidingknowledgescanada.ca\/the-words-one-lives-by-knowledge-hub\/","url":"https:\/\/braidingknowledgescanada.ca\/the-words-one-lives-by-knowledge-hub\/","name":"The Words One Lives By Knowledge Hub - Braiding Knowledges Canada","isPartOf":{"@id":"https:\/\/braidingknowledgescanada.ca\/#website"},"primaryImageOfPage":{"@id":"https:\/\/braidingknowledgescanada.ca\/the-words-one-lives-by-knowledge-hub\/#primaryimage"},"image":{"@id":"https:\/\/braidingknowledgescanada.ca\/the-words-one-lives-by-knowledge-hub\/#primaryimage"},"thumbnailUrl":"https:\/\/braidingknowledgescanada.ca\/wp-content\/uploads\/2025\/10\/IMG_3686-1-1024x768.jpg","datePublished":"2024-12-16T06:22:02+00:00","dateModified":"2026-01-21T21:17:55+00:00","breadcrumb":{"@id":"https:\/\/braidingknowledgescanada.ca\/the-words-one-lives-by-knowledge-hub\/#breadcrumb"},"inLanguage":"en-US","potentialAction":[{"@type":"ReadAction","target":["https:\/\/braidingknowledgescanada.ca\/the-words-one-lives-by-knowledge-hub\/"]}]},{"@type":"ImageObject","inLanguage":"en-US","@id":"https:\/\/braidingknowledgescanada.ca\/the-words-one-lives-by-knowledge-hub\/#primaryimage","url":"https:\/\/braidingknowledgescanada.ca\/wp-content\/uploads\/2025\/10\/IMG_3686-1-1024x768.jpg","contentUrl":"https:\/\/braidingknowledgescanada.ca\/wp-content\/uploads\/2025\/10\/IMG_3686-1-1024x768.jpg"},{"@type":"BreadcrumbList","@id":"https:\/\/braidingknowledgescanada.ca\/the-words-one-lives-by-knowledge-hub\/#breadcrumb","itemListElement":[{"@type":"ListItem","position":1,"name":"Home","item":"https:\/\/braidingknowledgescanada.ca\/"},{"@type":"ListItem","position":2,"name":"The Words One Lives By Knowledge Hub"}]},{"@type":"WebSite","@id":"https:\/\/braidingknowledgescanada.ca\/#website","url":"https:\/\/braidingknowledgescanada.ca\/","name":"Braiding Knowledges Canada","description":"Formerly the Canadian Mountain Network","publisher":{"@id":"https:\/\/braidingknowledgescanada.ca\/#organization"},"potentialAction":[{"@type":"SearchAction","target":{"@type":"EntryPoint","urlTemplate":"https:\/\/braidingknowledgescanada.ca\/?s={search_term_string}"},"query-input":{"@type":"PropertyValueSpecification","valueRequired":true,"valueName":"search_term_string"}}],"inLanguage":"en-US"},{"@type":"Organization","@id":"https:\/\/braidingknowledgescanada.ca\/#organization","name":"Braiding Knowledges Canada","url":"https:\/\/braidingknowledgescanada.ca\/","logo":{"@type":"ImageObject","inLanguage":"en-US","@id":"https:\/\/braidingknowledgescanada.ca\/#\/schema\/logo\/image\/","url":"https:\/\/braidingknowledgescanada.ca\/wp-content\/uploads\/2024\/06\/Main-Logo.png","contentUrl":"https:\/\/braidingknowledgescanada.ca\/wp-content\/uploads\/2024\/06\/Main-Logo.png","width":545,"height":184,"caption":"Braiding Knowledges Canada"},"image":{"@id":"https:\/\/braidingknowledgescanada.ca\/#\/schema\/logo\/image\/"},"sameAs":["https:\/\/www.facebook.com\/braidingknowledges\/","https:\/\/x.com\/braidingknowldg","https:\/\/www.instagram.com\/BraidingKnowledges\/","https:\/\/www.youtube.com\/@BraidingKnowledges"]}]}},"_links":{"self":[{"href":"https:\/\/braidingknowledgescanada.ca\/en\/wp-json\/wp\/v2\/pages\/588","targetHints":{"allow":["GET"]}}],"collection":[{"href":"https:\/\/braidingknowledgescanada.ca\/en\/wp-json\/wp\/v2\/pages"}],"about":[{"href":"https:\/\/braidingknowledgescanada.ca\/en\/wp-json\/wp\/v2\/types\/page"}],"author":[{"embeddable":true,"href":"https:\/\/braidingknowledgescanada.ca\/en\/wp-json\/wp\/v2\/users\/3"}],"replies":[{"embeddable":true,"href":"https:\/\/braidingknowledgescanada.ca\/en\/wp-json\/wp\/v2\/comments?post=588"}],"version-history":[{"count":0,"href":"https:\/\/braidingknowledgescanada.ca\/en\/wp-json\/wp\/v2\/pages\/588\/revisions"}],"wp:attachment":[{"href":"https:\/\/braidingknowledgescanada.ca\/en\/wp-json\/wp\/v2\/media?parent=588"}],"curies":[{"name":"wp","href":"https:\/\/api.w.org\/{rel}","templated":true}]}}